{"id":3210,"date":"2026-03-24T17:50:29","date_gmt":"2026-03-24T17:50:29","guid":{"rendered":"https:\/\/azalia.lt\/?post_type=product&#038;p=3210"},"modified":"2026-04-14T15:10:43","modified_gmt":"2026-04-14T15:10:43","slug":"gulnar-intense-hamidi-cpo-unisex-20ml","status":"publish","type":"product","link":"https:\/\/azalia.lt\/lt\/produktas\/gulnar-intense-hamidi-cpo-unisex-20ml\/","title":{"rendered":"Gulnar Intense Hamidi CPO Unisex 20ml"},"content":{"rendered":"<p>Gulnar Intense \u2013 prabangus, ilgai i\u0161liekantis koncentruotas kvepal\u0173 aliejus vyrams ir moterims.<br \/>\nKoncentruota formul\u0117 u\u017etikrina i\u0161skirtin\u012f ilgaam\u017ei\u0161kum\u0105 ir aromato sklaid\u0105, tod\u0117l nedidelis kiekis sukuria \u012fsp\u016bding\u0105 kvap\u0105.<br \/>\nVir\u0161utin\u0117s natos: bergamot\u0117, bij\u016bnas, jazminas, tuberoza.<br \/>\n\u0160irdies natos: slyva, persikas, ananasas.<br \/>\nBazin\u0117s natos: santalas, pa\u010diulis, muskusas.<br \/>\nAliejus be alkoholio idealiai tinka tiek kasdienai, tiek ypatingoms progoms.<br \/>\nPagaminta JAE.<\/p>","protected":false},"excerpt":{"rendered":"<p>Gulnar Intense \u2013 prabangus, ilgai i\u0161liekantis koncentruotas kvepal\u0173 aliejus vyrams ir moterims.<\/p>","protected":false},"featured_media":3189,"comment_status":"open","ping_status":"closed","template":"","meta":{"_bst_post_transparent":"default","_bst_post_title":"","_bst_post_layout":"default","_bst_post_sidebar_id":"","_bst_post_content_style":"default","_bst_post_vertical_padding":"default","_bst_post_feature":"","_bst_post_feature_position":"","_bst_post_header":false,"_bst_post_footer":false},"product_brand":[186],"product_cat":[189,190,202,87,201,83,200],"product_tag":[],"product_brands":[185],"class_list":{"0":"post-3210","1":"product","2":"type-product","3":"status-publish","4":"has-post-thumbnail","6":"product_brand-hamidi","7":"product_cat-cpo-20ml","8":"product_cat-cpo-20-ml-w","9":"product_cat-floral-accords","10":"product_cat-vyriski-aliejiniai-kvepalai","11":"product_cat-musk-freshness","12":"product_cat-moteriski-aliejiniai-kvepalai","13":"product_cat-wood-oud-notes","14":"product_brands-hamidi","16":"first","17":"instock","18":"featured","19":"taxable","20":"shipping-taxable","21":"purchasable","22":"product-type-simple","23":"entry","24":"content-bg","25":"loop-entry"},"_links":{"self":[{"href":"https:\/\/azalia.lt\/lt\/wp-json\/wp\/v2\/product\/3210","targetHints":{"allow":["GET"]}}],"collection":[{"href":"https:\/\/azalia.lt\/lt\/wp-json\/wp\/v2\/product"}],"about":[{"href":"https:\/\/azalia.lt\/lt\/wp-json\/wp\/v2\/types\/product"}],"replies":[{"embeddable":true,"href":"https:\/\/azalia.lt\/lt\/wp-json\/wp\/v2\/comments?post=3210"}],"wp:featuredmedia":[{"embeddable":true,"href":"https:\/\/azalia.lt\/lt\/wp-json\/wp\/v2\/media\/3189"}],"wp:attachment":[{"href":"https:\/\/azalia.lt\/lt\/wp-json\/wp\/v2\/media?parent=3210"}],"wp:term":[{"taxonomy":"product_brand","embeddable":true,"href":"https:\/\/azalia.lt\/lt\/wp-json\/wp\/v2\/product_brand?post=3210"},{"taxonomy":"product_cat","embeddable":true,"href":"https:\/\/azalia.lt\/lt\/wp-json\/wp\/v2\/product_cat?post=3210"},{"taxonomy":"product_tag","embeddable":true,"href":"https:\/\/azalia.lt\/lt\/wp-json\/wp\/v2\/product_tag?post=3210"},{"taxonomy":"product_brands","embeddable":true,"href":"https:\/\/azalia.lt\/lt\/wp-json\/wp\/v2\/product_brands?post=3210"}],"curies":[{"name":"wp","href":"https:\/\/api.w.org\/{rel}","templated":true}]}}