{"id":3212,"date":"2026-03-24T18:23:51","date_gmt":"2026-03-24T18:23:51","guid":{"rendered":"https:\/\/azalia.lt\/?post_type=product&#038;p=3212"},"modified":"2026-04-14T15:09:53","modified_gmt":"2026-04-14T15:09:53","slug":"rayan-hamidi-cpo-women-20ml","status":"publish","type":"product","link":"https:\/\/azalia.lt\/lt\/produktas\/rayan-hamidi-cpo-women-20ml\/","title":{"rendered":"Rayan Hamidi CPO Women 20ml"},"content":{"rendered":"<p>Rayan \u2013 g\u0117li\u0173 ir vaisi\u0173 aromatas moterims<br \/>\nKoncentruota formul\u0117 u\u017etikrina i\u0161skirtin\u012f ilgaam\u017ei\u0161kum\u0105 ir aromato sklaid\u0105, tod\u0117l nedidelis kiekis sukuria \u012fsp\u016bding\u0105 kvap\u0105.<br \/>\nVir\u0161utin\u0117s natos: bergamot\u0117, mandarinas, obuolys, juod\u0173j\u0173 serbent\u0173.<br \/>\n\u0160irdies natos: jazminas, pakalnut\u0117, magnolija<br \/>\nBazin\u0117s natos: santalas, pa\u010diulis, muskusas, gintaras,vanil\u0117<br \/>\nAliejus be alkoholio idealiai tinka tiek kasdienai, tiek ypatingoms progoms.<br \/>\nPagaminta JAE.<\/p>","protected":false},"excerpt":{"rendered":"<p>Rayan \u2013 g\u0117li\u0173 ir vaisi\u0173 aromatas moterims<\/p>","protected":false},"featured_media":3190,"comment_status":"open","ping_status":"closed","template":"","meta":{"_bst_post_transparent":"default","_bst_post_title":"","_bst_post_layout":"default","_bst_post_sidebar_id":"","_bst_post_content_style":"default","_bst_post_vertical_padding":"default","_bst_post_feature":"","_bst_post_feature_position":"","_bst_post_header":false,"_bst_post_footer":false},"product_brand":[186],"product_cat":[190,202,203,201,83,200],"product_tag":[],"product_brands":[185],"class_list":{"0":"post-3212","1":"product","2":"type-product","3":"status-publish","4":"has-post-thumbnail","6":"product_brand-hamidi","7":"product_cat-cpo-20-ml-w","8":"product_cat-floral-accords","9":"product_cat-golden-amber","10":"product_cat-musk-freshness","11":"product_cat-moteriski-aliejiniai-kvepalai","12":"product_cat-wood-oud-notes","13":"product_brands-hamidi","15":"first","16":"instock","17":"featured","18":"taxable","19":"shipping-taxable","20":"purchasable","21":"product-type-simple","22":"entry","23":"content-bg","24":"loop-entry"},"_links":{"self":[{"href":"https:\/\/azalia.lt\/lt\/wp-json\/wp\/v2\/product\/3212","targetHints":{"allow":["GET"]}}],"collection":[{"href":"https:\/\/azalia.lt\/lt\/wp-json\/wp\/v2\/product"}],"about":[{"href":"https:\/\/azalia.lt\/lt\/wp-json\/wp\/v2\/types\/product"}],"replies":[{"embeddable":true,"href":"https:\/\/azalia.lt\/lt\/wp-json\/wp\/v2\/comments?post=3212"}],"wp:featuredmedia":[{"embeddable":true,"href":"https:\/\/azalia.lt\/lt\/wp-json\/wp\/v2\/media\/3190"}],"wp:attachment":[{"href":"https:\/\/azalia.lt\/lt\/wp-json\/wp\/v2\/media?parent=3212"}],"wp:term":[{"taxonomy":"product_brand","embeddable":true,"href":"https:\/\/azalia.lt\/lt\/wp-json\/wp\/v2\/product_brand?post=3212"},{"taxonomy":"product_cat","embeddable":true,"href":"https:\/\/azalia.lt\/lt\/wp-json\/wp\/v2\/product_cat?post=3212"},{"taxonomy":"product_tag","embeddable":true,"href":"https:\/\/azalia.lt\/lt\/wp-json\/wp\/v2\/product_tag?post=3212"},{"taxonomy":"product_brands","embeddable":true,"href":"https:\/\/azalia.lt\/lt\/wp-json\/wp\/v2\/product_brands?post=3212"}],"curies":[{"name":"wp","href":"https:\/\/api.w.org\/{rel}","templated":true}]}}