{"id":3215,"date":"2026-03-24T19:36:09","date_gmt":"2026-03-24T19:36:09","guid":{"rendered":"https:\/\/azalia.lt\/?post_type=product&#038;p=3215"},"modified":"2026-04-16T19:32:57","modified_gmt":"2026-04-16T19:32:57","slug":"gift-set-pink-crystal-emper-2-in-1-women","status":"publish","type":"product","link":"https:\/\/azalia.lt\/lt\/produktas\/gift-set-pink-crystal-emper-2-in-1-women\/","title":{"rendered":"Dovan\u0173 Rinkinys \u201ePink Crystal\u201c Emper 2 in 1 Moterims"},"content":{"rendered":"<p>Dovan\u0173 Rinkinys \u201ePink Crystal\u201c Emper 2 in 1 Moterims<\/p>\n<ul>\n<li style=\"list-style-type: none;\">\n<ul>\n<li>k\u016bno pur\u0161kiklis 250 ml<\/li>\n<li>dr\u0117kinamasis losjonas 250 ml<\/li>\n<\/ul>\n<\/li>\n<\/ul>\n<p>Vir\u0161utin\u0117s natos: granatai, kvapiosios citrinos (yuzu), ledinis akordas.<br \/>\n\u0160irdies natos: magnolija, bij\u016bnas, lotosas.<br \/>\nBazin\u0117s natos: ambra, muskusas, raudonmed\u017eio<\/p>\n<p>Dr\u0117kinamasis losjonas skirtas maitinti ir dr\u0117kinti od\u0105, paliekant j\u0105 \u0161velni\u0105 ir kvepian\u010di\u0105.<br \/>\nLosjonas praturtintas vitamin\u0173 A, E, F, B5 kompleksu, nat\u016braliais aliejais ir hialurono r\u016bg\u0161timi.<br \/>\n\u012ekv\u0117ptas Bright Crystal<br \/>\nPagaminta JAE.<\/p>\n<ul>\n<li style=\"list-style-type: none;\"><\/li>\n<\/ul>","protected":false},"excerpt":{"rendered":"<p>Dovan\u0173 rinkinys moterims<\/p>","protected":false},"featured_media":3183,"comment_status":"open","ping_status":"closed","template":"","meta":{"_bst_post_transparent":"default","_bst_post_title":"","_bst_post_layout":"default","_bst_post_sidebar_id":"","_bst_post_content_style":"default","_bst_post_vertical_padding":"default","_bst_post_feature":"","_bst_post_feature_position":"","_bst_post_header":false,"_bst_post_footer":false},"product_brand":[122],"product_cat":[164,82,90,98],"product_tag":[],"product_brands":[],"class_list":{"0":"post-3215","1":"product","2":"type-product","3":"status-publish","4":"has-post-thumbnail","6":"product_brand-emper","7":"product_cat-gift-for-her","8":"product_cat-gifts","9":"product_cat-perfumed-cosmetics","10":"product_cat-veido-kuno-prieziura-moterims","12":"first","13":"instock","14":"featured","15":"taxable","16":"shipping-taxable","17":"purchasable","18":"product-type-simple","19":"entry","20":"content-bg","21":"loop-entry"},"_links":{"self":[{"href":"https:\/\/azalia.lt\/lt\/wp-json\/wp\/v2\/product\/3215","targetHints":{"allow":["GET"]}}],"collection":[{"href":"https:\/\/azalia.lt\/lt\/wp-json\/wp\/v2\/product"}],"about":[{"href":"https:\/\/azalia.lt\/lt\/wp-json\/wp\/v2\/types\/product"}],"replies":[{"embeddable":true,"href":"https:\/\/azalia.lt\/lt\/wp-json\/wp\/v2\/comments?post=3215"}],"wp:featuredmedia":[{"embeddable":true,"href":"https:\/\/azalia.lt\/lt\/wp-json\/wp\/v2\/media\/3183"}],"wp:attachment":[{"href":"https:\/\/azalia.lt\/lt\/wp-json\/wp\/v2\/media?parent=3215"}],"wp:term":[{"taxonomy":"product_brand","embeddable":true,"href":"https:\/\/azalia.lt\/lt\/wp-json\/wp\/v2\/product_brand?post=3215"},{"taxonomy":"product_cat","embeddable":true,"href":"https:\/\/azalia.lt\/lt\/wp-json\/wp\/v2\/product_cat?post=3215"},{"taxonomy":"product_tag","embeddable":true,"href":"https:\/\/azalia.lt\/lt\/wp-json\/wp\/v2\/product_tag?post=3215"},{"taxonomy":"product_brands","embeddable":true,"href":"https:\/\/azalia.lt\/lt\/wp-json\/wp\/v2\/product_brands?post=3215"}],"curies":[{"name":"wp","href":"https:\/\/api.w.org\/{rel}","templated":true}]}}