{"id":3267,"date":"2026-03-25T16:14:08","date_gmt":"2026-03-25T16:14:08","guid":{"rendered":"https:\/\/azalia.lt\/?post_type=product&#038;p=3267"},"modified":"2026-04-16T19:32:11","modified_gmt":"2026-04-16T19:32:11","slug":"gift-set-creme-couture-kunafa-crush-le-chameau-elite-women","status":"publish","type":"product","link":"https:\/\/azalia.lt\/lt\/produktas\/gift-set-creme-couture-kunafa-crush-le-chameau-elite-women\/","title":{"rendered":"Dovan\u0173 Rinkinys Creme Couture Kunafa Crush\u201d Le Chameau Elite 2 in 1 Moterims"},"content":{"rendered":"<p>Dovan\u0173 rinkinys \u201eCreme Couture Kunafa Crushl\u201c \u2013  deserto \u012fkv\u0117ptas aromatas su auksiniu saldumu ir \u0161iltu prieskoniu.<br \/>\nVir\u0161utin\u0117s natos: karamel\u0117, citrina, \u0161alavijas.<br \/>\n\u0160irdies natos: juodasis kardamonas, tol\u0173 balzamas, kumarinas, cinamonas, pralin\u0117, medus.<br \/>\nPagrindin\u0117s natos: Brazilijos raudonmedis, juodasis gintaras, baltasis muskusas, pa\u010diuliai, vanil\u0117.<br \/>\nPagaminta JAE.<\/p>","protected":false},"excerpt":{"rendered":"<p>Dovan\u0173 rinkinys moterims<\/p>","protected":false},"featured_media":3268,"comment_status":"open","ping_status":"closed","template":"","meta":{"_bst_post_transparent":"default","_bst_post_title":"","_bst_post_layout":"default","_bst_post_sidebar_id":"","_bst_post_content_style":"default","_bst_post_vertical_padding":"default","_bst_post_feature":"","_bst_post_feature_position":"","_bst_post_header":false,"_bst_post_footer":false},"product_brand":[122],"product_cat":[164,82,89,84],"product_tag":[],"product_brands":[],"class_list":{"0":"post-3267","1":"product","2":"type-product","3":"status-publish","4":"has-post-thumbnail","6":"product_brand-emper","7":"product_cat-gift-for-her","8":"product_cat-gifts","9":"product_cat-women-alcohol-based-perfume","10":"product_cat-women-spray-perfume","12":"first","13":"instock","14":"featured","15":"taxable","16":"shipping-taxable","17":"purchasable","18":"product-type-simple","19":"entry","20":"content-bg","21":"loop-entry"},"_links":{"self":[{"href":"https:\/\/azalia.lt\/lt\/wp-json\/wp\/v2\/product\/3267","targetHints":{"allow":["GET"]}}],"collection":[{"href":"https:\/\/azalia.lt\/lt\/wp-json\/wp\/v2\/product"}],"about":[{"href":"https:\/\/azalia.lt\/lt\/wp-json\/wp\/v2\/types\/product"}],"replies":[{"embeddable":true,"href":"https:\/\/azalia.lt\/lt\/wp-json\/wp\/v2\/comments?post=3267"}],"wp:featuredmedia":[{"embeddable":true,"href":"https:\/\/azalia.lt\/lt\/wp-json\/wp\/v2\/media\/3268"}],"wp:attachment":[{"href":"https:\/\/azalia.lt\/lt\/wp-json\/wp\/v2\/media?parent=3267"}],"wp:term":[{"taxonomy":"product_brand","embeddable":true,"href":"https:\/\/azalia.lt\/lt\/wp-json\/wp\/v2\/product_brand?post=3267"},{"taxonomy":"product_cat","embeddable":true,"href":"https:\/\/azalia.lt\/lt\/wp-json\/wp\/v2\/product_cat?post=3267"},{"taxonomy":"product_tag","embeddable":true,"href":"https:\/\/azalia.lt\/lt\/wp-json\/wp\/v2\/product_tag?post=3267"},{"taxonomy":"product_brands","embeddable":true,"href":"https:\/\/azalia.lt\/lt\/wp-json\/wp\/v2\/product_brands?post=3267"}],"curies":[{"name":"wp","href":"https:\/\/api.w.org\/{rel}","templated":true}]}}