{"id":3508,"date":"2026-04-06T18:15:45","date_gmt":"2026-04-06T18:15:45","guid":{"rendered":"https:\/\/azalia.lt\/?post_type=product&#038;p=3508"},"modified":"2026-04-17T08:35:39","modified_gmt":"2026-04-17T08:35:39","slug":"ambar-oud-cpo-roll-on-6ml","status":"publish","type":"product","link":"https:\/\/azalia.lt\/lt\/produktas\/ambar-oud-cpo-roll-on-6ml\/","title":{"rendered":"Ambar Oud CPO Roll On Unisex 6ml"},"content":{"rendered":"<p>Si\u016blome arabi\u0161kus ataro aliejus i\u0161 Jemeno kvepal\u0173 kompanijos, kuri nuo 1907 m. specializuojasi kvap\u0173 ir smilkal\u0173 k\u016brimo mene.<br \/>\n\u0160ie prabang\u016bs kvepalai pagaminti i\u0161 auk\u0161\u010diausios kokyb\u0117s, tvariai u\u017eaugint\u0173 nat\u016brali\u0173 ingredient\u0173.<br \/>\nJie yra unikal\u016bs ir nepamir\u0161tami, galintys paversti prisiminimus ir emocijas nepamir\u0161tamomis patirtimis.<br \/>\nAmbar Oud \u2013 gyvuli\u0161kas aromatas su gilumu ir sodriomis sald\u017eiomis vanil\u0117s bei benzoino natomis.<br \/>\nNatos: mediena, oda, agarmedis, vanil\u0117, gintaras.<br \/>\nIlgai i\u0161liekantis. Be alkoholio. Rutulinis<br \/>\nPuikiai tinka dovanai arba asmeniniam naudojimui. <\/p>","protected":false},"excerpt":{"rendered":"<p>CPO \/ Koncentruotas kvepal\u0173 aliejus<\/p>","protected":false},"featured_media":3511,"comment_status":"open","ping_status":"closed","template":"","meta":{"_bst_post_transparent":"default","_bst_post_title":"","_bst_post_layout":"default","_bst_post_sidebar_id":"","_bst_post_content_style":"default","_bst_post_vertical_padding":"default","_bst_post_feature":"","_bst_post_feature_position":"","_bst_post_header":false,"_bst_post_footer":false},"product_brand":[197],"product_cat":[137,136,209,208,203,87,201,204,83,200],"product_tag":[],"product_brands":[196],"class_list":{"0":"post-3508","1":"product","2":"type-product","3":"status-publish","4":"has-post-thumbnail","6":"product_brand-dukhni-perfume","7":"product_cat-cpo-6ml-men","8":"product_cat-cpo-6ml-women","9":"product_cat-isskirtiniai-jemeno-aliejiniai-kvepalai-be-spirito","10":"product_cat-egzotiska-jemeno-aromatu-kolekcija","11":"product_cat-golden-amber","12":"product_cat-vyriski-aliejiniai-kvepalai","13":"product_cat-musk-freshness","14":"product_cat-tobacco-leather","15":"product_cat-moteriski-aliejiniai-kvepalai","16":"product_cat-wood-oud-notes","17":"product_brands-dukhni-perfume","19":"first","20":"instock","21":"featured","22":"taxable","23":"shipping-taxable","24":"purchasable","25":"product-type-simple","26":"entry","27":"content-bg","28":"loop-entry"},"_links":{"self":[{"href":"https:\/\/azalia.lt\/lt\/wp-json\/wp\/v2\/product\/3508","targetHints":{"allow":["GET"]}}],"collection":[{"href":"https:\/\/azalia.lt\/lt\/wp-json\/wp\/v2\/product"}],"about":[{"href":"https:\/\/azalia.lt\/lt\/wp-json\/wp\/v2\/types\/product"}],"replies":[{"embeddable":true,"href":"https:\/\/azalia.lt\/lt\/wp-json\/wp\/v2\/comments?post=3508"}],"wp:featuredmedia":[{"embeddable":true,"href":"https:\/\/azalia.lt\/lt\/wp-json\/wp\/v2\/media\/3511"}],"wp:attachment":[{"href":"https:\/\/azalia.lt\/lt\/wp-json\/wp\/v2\/media?parent=3508"}],"wp:term":[{"taxonomy":"product_brand","embeddable":true,"href":"https:\/\/azalia.lt\/lt\/wp-json\/wp\/v2\/product_brand?post=3508"},{"taxonomy":"product_cat","embeddable":true,"href":"https:\/\/azalia.lt\/lt\/wp-json\/wp\/v2\/product_cat?post=3508"},{"taxonomy":"product_tag","embeddable":true,"href":"https:\/\/azalia.lt\/lt\/wp-json\/wp\/v2\/product_tag?post=3508"},{"taxonomy":"product_brands","embeddable":true,"href":"https:\/\/azalia.lt\/lt\/wp-json\/wp\/v2\/product_brands?post=3508"}],"curies":[{"name":"wp","href":"https:\/\/api.w.org\/{rel}","templated":true}]}}