{"id":3514,"date":"2026-04-06T19:32:21","date_gmt":"2026-04-06T19:32:21","guid":{"rendered":"https:\/\/azalia.lt\/?post_type=product&#038;p=3514"},"modified":"2026-04-14T15:05:48","modified_gmt":"2026-04-14T15:05:48","slug":"al-bakhoor-cpo-roll-on-6ml","status":"publish","type":"product","link":"https:\/\/azalia.lt\/lt\/produktas\/al-bakhoor-cpo-roll-on-6ml\/","title":{"rendered":"Al Bakhoor CPO Roll On Unisex 6ml"},"content":{"rendered":"<p>Si\u016blome arabi\u0161kus ataro aliejus i\u0161 Jemeno kvepal\u0173 kompanijos, kuri nuo 1907 m. specializuojasi kvap\u0173 ir smilkal\u0173 k\u016brimo mene.<br \/>\n\u0160ie prabang\u016bs kvepalai pagaminti i\u0161 auk\u0161\u010diausios kokyb\u0117s, tvariai u\u017eaugint\u0173 nat\u016brali\u0173 ingredient\u0173.<br \/>\nJie yra unikal\u016bs ir nepamir\u0161tami, galintys paversti prisiminimus ir emocijas nepamir\u0161tamomis patirtimis.<br \/>\nAl Bakhoor \u2013 nuostabi ry\u0161ki\u0173 aromat\u0173 puok\u0161t\u0117<br \/>\nNatos: orchid\u0117ja, medus, persikas, ro\u017e\u0117, kedras, vetiverija.<br \/>\nIlgai i\u0161liekantis. Be alkoholio. Rutulinis<br \/>\nPuikiai tinka dovanai arba asmeniniam naudojimui. <\/p>","protected":false},"excerpt":{"rendered":"<p>CPO \/ Koncentruotas kvepal\u0173 aliejus<\/p>","protected":false},"featured_media":3515,"comment_status":"open","ping_status":"closed","template":"","meta":{"_bst_post_transparent":"default","_bst_post_title":"","_bst_post_layout":"default","_bst_post_sidebar_id":"","_bst_post_content_style":"default","_bst_post_vertical_padding":"default","_bst_post_feature":"","_bst_post_feature_position":"","_bst_post_header":false,"_bst_post_footer":false},"product_brand":[197],"product_cat":[137,136,202,87,83,200],"product_tag":[],"product_brands":[],"class_list":{"0":"post-3514","1":"product","2":"type-product","3":"status-publish","4":"has-post-thumbnail","6":"product_brand-dukhni-perfume","7":"product_cat-cpo-6ml-men","8":"product_cat-cpo-6ml-women","9":"product_cat-floral-accords","10":"product_cat-vyriski-aliejiniai-kvepalai","11":"product_cat-moteriski-aliejiniai-kvepalai","12":"product_cat-wood-oud-notes","14":"first","15":"instock","16":"featured","17":"taxable","18":"shipping-taxable","19":"purchasable","20":"product-type-simple","21":"entry","22":"content-bg","23":"loop-entry"},"_links":{"self":[{"href":"https:\/\/azalia.lt\/lt\/wp-json\/wp\/v2\/product\/3514","targetHints":{"allow":["GET"]}}],"collection":[{"href":"https:\/\/azalia.lt\/lt\/wp-json\/wp\/v2\/product"}],"about":[{"href":"https:\/\/azalia.lt\/lt\/wp-json\/wp\/v2\/types\/product"}],"replies":[{"embeddable":true,"href":"https:\/\/azalia.lt\/lt\/wp-json\/wp\/v2\/comments?post=3514"}],"wp:featuredmedia":[{"embeddable":true,"href":"https:\/\/azalia.lt\/lt\/wp-json\/wp\/v2\/media\/3515"}],"wp:attachment":[{"href":"https:\/\/azalia.lt\/lt\/wp-json\/wp\/v2\/media?parent=3514"}],"wp:term":[{"taxonomy":"product_brand","embeddable":true,"href":"https:\/\/azalia.lt\/lt\/wp-json\/wp\/v2\/product_brand?post=3514"},{"taxonomy":"product_cat","embeddable":true,"href":"https:\/\/azalia.lt\/lt\/wp-json\/wp\/v2\/product_cat?post=3514"},{"taxonomy":"product_tag","embeddable":true,"href":"https:\/\/azalia.lt\/lt\/wp-json\/wp\/v2\/product_tag?post=3514"},{"taxonomy":"product_brands","embeddable":true,"href":"https:\/\/azalia.lt\/lt\/wp-json\/wp\/v2\/product_brands?post=3514"}],"curies":[{"name":"wp","href":"https:\/\/api.w.org\/{rel}","templated":true}]}}