{"id":3556,"date":"2026-04-07T13:54:29","date_gmt":"2026-04-07T13:54:29","guid":{"rendered":"https:\/\/azalia.lt\/?post_type=product&#038;p=3556"},"modified":"2026-04-26T14:46:12","modified_gmt":"2026-04-26T14:46:12","slug":"sandal-wood-gift-set-3-x-6ml","status":"publish","type":"product","link":"https:\/\/azalia.lt\/lt\/produktas\/sandal-wood-gift-set-3-x-6ml\/","title":{"rendered":"Sandal Wood Gift Set (3 x 6ml)"},"content":{"rendered":"<p><strong>Sandalwood kolekcija \u2013 emocija kiekviename buteliuke<\/strong><br \/>\nPasinerkite \u012f misti\u0161k\u0105 ir \u0161ilt\u0105 sandalmed\u017eio pasaul\u012f su \u0161iuo i\u0161skirtiniu dovan\u0173 rinkiniu.<br \/>\nTrys unikalios tauriausio sandalmed\u017eio interpretacijos, sukurtos tiems, kurie ie\u0161ko gylio, elegancijos ir vidin\u0117s ramyb\u0117s.<br \/>\nI\u0161band\u0119 \u0161iuos autenti\u0161kus aliejinius kvepalus, suprasite j\u0173 magij\u0105.<br \/>\nTai tie patys ne\u012ftik\u0117tini aromatai, kurie pa\u017eadina jausmus ir sukuria prabang\u0173, \u201enereal\u0173\u201c \u0161leif\u0105, lydint\u012f jus vis\u0105 dien\u0105.<\/p>\n<p><strong>Rinkin\u012f sudaro (3 x 6 ml):<\/strong><\/p>\n<p>\ud83c\udf43<strong> Sandalia:<\/strong> Grynas sandalmedis su \u0161velniais g\u0117li\u0173 ir sald\u017eiais balzaminiais tonais. Suteikia jaukumo ir ramyb\u0117s.<\/p>\n<p>\ud83c\udf43 <strong>Sandalia Rose:<\/strong> Romanti\u0161kas derinys, kuriame subtil\u016bs ro\u017ei\u0173 \u017eiedlapiai i\u0161tirpsta kreminiame sandalmedyje. \u0160velnus ir viliojantis.<\/p>\n<p>\ud83c\udf43 <strong>Sandalia Jasmine:<\/strong> Energingas ir pakyl\u0117jantis ve\u0161li\u0173 jazminai\u010di\u0173 bei medienos sandalmed\u017eio derinys. Pilnas pozityvios energijos.<\/p>\n<p><strong>Kod\u0117l verta rinktis \u0161\u012f rinkin\u012f?<\/strong><\/p>\n<p>\ud83c\udf3f <strong>100 % Vegani\u0161ka ir Halal<\/strong> \u2022 Sudaroma tik i\u0161 gryn\u0173 augalin\u0117s kilm\u0117s ingredient\u0173.<br \/>\n\ud83d\udeab <strong>Be Alkoholio<\/strong> \u2022 Itin didel\u0117 koncentracija, i\u0161liekanti ant odos 12+ valand\u0173.<br \/>\n\ud83c\udf81 <strong>Prabangi Pakuot\u0117<\/strong> \u2022 Eleganti\u0161ka d\u0117\u017eut\u0117, puikiai tinkanti dovanoti kitiems arba palepinti save.<br \/>\n\ud83d\udcb0 <strong>Ypatinga Vert\u0117<\/strong> \u2022Sutaupote pirkdami rinkin\u012f ir atranda vis\u0105 sandalmed\u017eio spektr\u0105.<\/p>\n<p>Tai daugiau nei dovana \u2013 tai kelion\u0117 po poj\u016b\u010di\u0173 pasaul\u012f.<\/p>\n<p><em>I\u0161bandyta asmeni\u0161kai: \u0161is aromatas priver\u010dia nusi\u0161ypsoti kiekvien\u0105 kart\u0105 j\u012f u\u017euodus. Tai tikra dovana j\u016bs\u0173 poj\u016b\u010diams!<\/em><\/p>","protected":false},"excerpt":{"rendered":"<p>\ud83c\udf43 Vegani\u0161ka | Halal | Nebandyta Su Gyv\u016bnais<br \/>\nEgzoti\u0161kas Jemeno aromatas, pradinantis geriausius j\u016bs\u0173 jausmus.<br \/>\nRank\u0173 darbo paveldas nuo 1907 m<\/p>","protected":false},"featured_media":3558,"comment_status":"open","ping_status":"closed","template":"","meta":{"_bst_post_transparent":"default","_bst_post_title":"","_bst_post_layout":"default","_bst_post_sidebar_id":"","_bst_post_content_style":"default","_bst_post_vertical_padding":"default","_bst_post_feature":"","_bst_post_feature_position":"","_bst_post_header":false,"_bst_post_footer":false},"product_brand":[197],"product_cat":[136,137,209,208,202,164,165,199,82,87,201,135,166,83,200],"product_tag":[],"product_brands":[196],"class_list":{"0":"post-3556","1":"product","2":"type-product","3":"status-publish","4":"has-post-thumbnail","6":"product_brand-dukhni-perfume","7":"product_cat-cpo-6ml-women","8":"product_cat-cpo-6ml-men","9":"product_cat-isskirtiniai-jemeno-aliejiniai-kvepalai-be-spirito","10":"product_cat-egzotiska-jemeno-aromatu-kolekcija","11":"product_cat-floral-accords","12":"product_cat-gift-for-her","13":"product_cat-gift-for-him","14":"product_cat-arabiski-aliejiniai-kvepalai-visata","15":"product_cat-gifts","16":"product_cat-vyriski-aliejiniai-kvepalai","17":"product_cat-musk-freshness","18":"product_cat-top-products","19":"product_cat-gift-unisex","20":"product_cat-moteriski-aliejiniai-kvepalai","21":"product_cat-wood-oud-notes","22":"product_brands-dukhni-perfume","24":"first","25":"instock","26":"featured","27":"taxable","28":"shipping-taxable","29":"purchasable","30":"product-type-simple","31":"entry","32":"content-bg","33":"loop-entry"},"_links":{"self":[{"href":"https:\/\/azalia.lt\/lt\/wp-json\/wp\/v2\/product\/3556","targetHints":{"allow":["GET"]}}],"collection":[{"href":"https:\/\/azalia.lt\/lt\/wp-json\/wp\/v2\/product"}],"about":[{"href":"https:\/\/azalia.lt\/lt\/wp-json\/wp\/v2\/types\/product"}],"replies":[{"embeddable":true,"href":"https:\/\/azalia.lt\/lt\/wp-json\/wp\/v2\/comments?post=3556"}],"wp:featuredmedia":[{"embeddable":true,"href":"https:\/\/azalia.lt\/lt\/wp-json\/wp\/v2\/media\/3558"}],"wp:attachment":[{"href":"https:\/\/azalia.lt\/lt\/wp-json\/wp\/v2\/media?parent=3556"}],"wp:term":[{"taxonomy":"product_brand","embeddable":true,"href":"https:\/\/azalia.lt\/lt\/wp-json\/wp\/v2\/product_brand?post=3556"},{"taxonomy":"product_cat","embeddable":true,"href":"https:\/\/azalia.lt\/lt\/wp-json\/wp\/v2\/product_cat?post=3556"},{"taxonomy":"product_tag","embeddable":true,"href":"https:\/\/azalia.lt\/lt\/wp-json\/wp\/v2\/product_tag?post=3556"},{"taxonomy":"product_brands","embeddable":true,"href":"https:\/\/azalia.lt\/lt\/wp-json\/wp\/v2\/product_brands?post=3556"}],"curies":[{"name":"wp","href":"https:\/\/api.w.org\/{rel}","templated":true}]}}