{"id":3676,"date":"2026-04-16T10:36:16","date_gmt":"2026-04-16T10:36:16","guid":{"rendered":"https:\/\/azalia.lt\/?post_type=product&#038;p=3676"},"modified":"2026-04-26T16:33:53","modified_gmt":"2026-04-26T16:33:53","slug":"tree-of-life-diffuser-oil-burner-free-oud-oil-10ml","status":"publish","type":"product","link":"https:\/\/azalia.lt\/lt\/produktas\/tree-of-life-diffuser-oil-burner-free-oud-oil-10ml\/","title":{"rendered":"\"Tree of Life\u201c Eterini\u0173 Aliej\u0173 Garintuvas + DOVANA: 10 ml Agarmed\u017eio Aliejus"},"content":{"rendered":"<p><strong>\u201eTree of Life\u201c garintuvas \u2013 ramyb\u0117s ir vienyb\u0117s simbolis j\u016bs\u0173 namams<\/strong><br \/>\n\u0160is stilingas metalinis garintuvas su \u201eGyvyb\u0117s med\u017eio\u201c simboliu taps ne tik puikia nam\u0173 dekoro detale, bet ir sukurs ypating\u0105 atmosfer\u0105.<br \/>\nGyvyb\u0117s medis simbolizuoja vienyb\u0119, ry\u0161\u012f ir stipryb\u0119 \u2013 tai k\u016brinijos darnos bei gyvenimo ciklo \u017eenklas.<br \/>\nEleganti\u0161kas dizainas suteikia bet kuriai erdvei \u017eavesio ir sukuria nuostabi\u0105 atmosfer\u0105.<\/p>\n<p><strong>Rinkin\u012f sudaro:<\/strong><\/p>\n<p>\ud83c\udf43 Stilingas metalinis \u201eTree of Life\u201c garintuvas.<br \/>\n\ud83c\udf43 Varin\u0117 l\u0117k\u0161tel\u0117.<br \/>\n\ud83c\udf43 Medinis pad\u0117kliukas.<br \/>\n\ud83c\udf43 \u017dvak\u0117 (12 g).<br \/>\n\ud83c\udf81 DOVANA: 10 ml prabangaus udo difuzoriaus aliejaus.<br \/>\n\u2728 Rinkinys paruo\u0161tas naudoti i\u0161kart!<\/p>\n<p><strong>Kaip naudoti:<\/strong><\/p>\n<p>1.\u012e garintuvo l\u0117k\u0161tel\u0119 \u012fpilkite vandens.<br \/>\n2.\u012e vanden\u012f \u012fla\u0161inkite 8\u201310 la\u0161\u0173 aliejaus (nor\u0117dami intensyvesnio kvapo, galite la\u0161inti daugiau).<br \/>\n3.U\u017edekite \u017evak\u0119 ir \u012fd\u0117kite j\u0105 \u012f garintuvo pagrind\u0105<br \/>\n4.M\u0117gaukit\u0117s l\u0117tai sklindan\u010diu aromatu ir atsipalaidavimu.<\/p>\n<p><strong>D\u0117mesio!<\/strong><\/p>\n<p>\u2022 Naudokite tik 12 g \u017evakes.<br \/>\n\u2022Liepsna neturi liesti l\u0117k\u0161tel\u0117s. Prie\u0161 kiekvien\u0105 naudojim\u0105 nuvalykite l\u0117k\u0161tel\u0119.<br \/>\n\u2022Nelieskite garintuvo ar l\u0117k\u0161tel\u0117s degant \u017evakei \u2013 jie labai \u012fkaista.<br \/>\n\u2022Nedeginkite \u017evak\u0117s ilgiau nei 3 valandas vienu metu.<br \/>\n\u2022Saugokite nuo vaik\u0173 ir namini\u0173 gyv\u016bn\u0173.<\/p>","protected":false},"excerpt":{"rendered":"<p>\ud83c\udf43 Vegani\u0161ka | Halal | Nebandyta Su Gyv\u016bnais<br \/>\nEgzoti\u0161kas Jemeno aromatas, pradinantis geriausius j\u016bs\u0173 jausmus.<br \/>\nRank\u0173 darbo paveldas nuo 1907 m<\/p>","protected":false},"featured_media":3677,"comment_status":"open","ping_status":"closed","template":"","meta":{"_bst_post_transparent":"default","_bst_post_title":"","_bst_post_layout":"default","_bst_post_sidebar_id":"","_bst_post_content_style":"default","_bst_post_vertical_padding":"default","_bst_post_feature":"","_bst_post_feature_position":"","_bst_post_header":false,"_bst_post_footer":false},"product_brand":[197],"product_cat":[208,135,210],"product_tag":[],"product_brands":[196],"class_list":{"0":"post-3676","1":"product","2":"type-product","3":"status-publish","4":"has-post-thumbnail","6":"product_brand-dukhni-perfume","7":"product_cat-egzotiska-jemeno-aromatu-kolekcija","8":"product_cat-top-products","9":"product_cat-tradicinis-jemeno-bakhuras","10":"product_brands-dukhni-perfume","12":"first","13":"instock","14":"taxable","15":"shipping-taxable","16":"purchasable","17":"product-type-simple","18":"entry","19":"content-bg","20":"loop-entry"},"_links":{"self":[{"href":"https:\/\/azalia.lt\/lt\/wp-json\/wp\/v2\/product\/3676","targetHints":{"allow":["GET"]}}],"collection":[{"href":"https:\/\/azalia.lt\/lt\/wp-json\/wp\/v2\/product"}],"about":[{"href":"https:\/\/azalia.lt\/lt\/wp-json\/wp\/v2\/types\/product"}],"replies":[{"embeddable":true,"href":"https:\/\/azalia.lt\/lt\/wp-json\/wp\/v2\/comments?post=3676"}],"wp:featuredmedia":[{"embeddable":true,"href":"https:\/\/azalia.lt\/lt\/wp-json\/wp\/v2\/media\/3677"}],"wp:attachment":[{"href":"https:\/\/azalia.lt\/lt\/wp-json\/wp\/v2\/media?parent=3676"}],"wp:term":[{"taxonomy":"product_brand","embeddable":true,"href":"https:\/\/azalia.lt\/lt\/wp-json\/wp\/v2\/product_brand?post=3676"},{"taxonomy":"product_cat","embeddable":true,"href":"https:\/\/azalia.lt\/lt\/wp-json\/wp\/v2\/product_cat?post=3676"},{"taxonomy":"product_tag","embeddable":true,"href":"https:\/\/azalia.lt\/lt\/wp-json\/wp\/v2\/product_tag?post=3676"},{"taxonomy":"product_brands","embeddable":true,"href":"https:\/\/azalia.lt\/lt\/wp-json\/wp\/v2\/product_brands?post=3676"}],"curies":[{"name":"wp","href":"https:\/\/api.w.org\/{rel}","templated":true}]}}