{"id":3724,"date":"2026-04-17T12:50:53","date_gmt":"2026-04-17T12:50:53","guid":{"rendered":"https:\/\/azalia.lt\/?post_type=product&#038;p=3724"},"modified":"2026-04-26T16:53:56","modified_gmt":"2026-04-26T16:53:56","slug":"tree-of-life-yemeni-aroma-burner-lamp","status":"publish","type":"product","link":"https:\/\/azalia.lt\/lt\/produktas\/tree-of-life-yemeni-aroma-burner-lamp\/","title":{"rendered":"\u201eTree of Life\u201c \u2013 Jemeno Aromatin\u0117 Lempa-Garintuvas"},"content":{"rendered":"<p><strong>\u201eTree of Life\u201c garintuvas \u2013 vienyb\u0117 ir ramyb\u0117 be d\u016bm\u0173<\/strong><br \/>\n\u201eTree of Life\u201c (Gyvyb\u0117s med\u017eio) aromatin\u0117 lempa yra nuostabi nam\u0173 dekoro detal\u0117, simbolizuojanti vienyb\u0119, ry\u0161\u012f ir stipryb\u0119.<br \/>\n\u0160is rinkinys si\u016blo modern\u0173 b\u016bd\u0105 m\u0117gautis Jemeno bak\u016bru be d\u016bm\u0173. Prie\u0161ingai nei naudojant tradicin\u0119 angl\u012f, \u017evak\u0117 \u0161velniai<br \/>\nkaitina smilkalus, skleisdama tyr\u0105, prabang\u0173 aromat\u0105 be suod\u017ei\u0173 ar tir\u0161t\u0173 d\u016bm\u0173.<\/p>\n<p><strong>Rinkin\u012f sudaro:<\/strong><br \/>\n\ud83c\udf43 Stilingas metalinis \u201eTree of Life\u201c garintuvas.<br \/>\n\ud83c\udf43 Varin\u0117 l\u0117k\u0161tel\u0117 \u2022 Medinis pad\u0117kliukas<br \/>\n\ud83c\udf43 \u017dvak\u0117 (12 g).<br \/>\n\ud83c\udf81 DOVANA: 1 vnt. nemokamo bak\u016bro.<br \/>\n\u2728 Rinkinys paruo\u0161tas naudoti i\u0161kart!<\/p>\n<p><strong>Kaip naudoti:<\/strong><br \/>\n1.Pad\u0117kite garintuv\u0105 ant medinio pad\u0117kliuko.<br \/>\n2U\u017edekite arbatin\u0119 \u017evak\u0119 (T-Light) ir \u012fd\u0117kite j\u0105 \u012f garintuvo vid\u0173.<br \/>\n3.Pad\u0117kite bak\u016bro plytel\u0119 ant varin\u0117s l\u0117k\u0161tel\u0117s.<br \/>\n4. Per 30 sekund\u017ei\u0173 pajusite sodr\u0173, prabang\u0173 aromat\u0105. Kiekviena bak\u016bro plytel\u0117 yra skirta vienkartiniam naudojimui.<\/p>\n<p><strong>D\u0117mesio!<\/strong><br \/>\n\u2022 Naudokite tik su originaliomis bak\u016bro plytel\u0117mis ir 12 g \u017evak\u0117mis.<br \/>\n\u2022Liepsna neturi liesti l\u0117k\u0161tel\u0117s. Prie\u0161 kiekvien\u0105 naudojim\u0105 nuvalykite l\u0117k\u0161tel\u0119.<br \/>\n\u2022Nelieskite garintuvo ar l\u0117k\u0161tel\u0117s degant \u017evakei \u2013 jie labai \u012fkaista.<br \/>\n\u2022Nedeginkite \u017evak\u0117s ilgiau nei 3 valandas vienu metu.<br \/>\n\u2022 Saugokite nuo degi\u0173 med\u017eiag\u0173, vaik\u0173 ir namini\u0173 gyv\u016bn\u0173..<\/p>","protected":false},"excerpt":{"rendered":"<p>\ud83c\udf43 Vegani\u0161ka | Halal | Nebandyta Su Gyv\u016bnais<br \/>\nEgzoti\u0161kas Jemeno aromatas, pradinantis geriausius j\u016bs\u0173 jausmus.<br \/>\nRank\u0173 darbo paveldas nuo 1907 m<\/p>","protected":false},"featured_media":3725,"comment_status":"open","ping_status":"closed","template":"","meta":{"_bst_post_transparent":"default","_bst_post_title":"","_bst_post_layout":"default","_bst_post_sidebar_id":"","_bst_post_content_style":"default","_bst_post_vertical_padding":"default","_bst_post_feature":"","_bst_post_feature_position":"","_bst_post_header":false,"_bst_post_footer":false},"product_brand":[197],"product_cat":[208,135,210],"product_tag":[],"product_brands":[196],"class_list":{"0":"post-3724","1":"product","2":"type-product","3":"status-publish","4":"has-post-thumbnail","6":"product_brand-dukhni-perfume","7":"product_cat-egzotiska-jemeno-aromatu-kolekcija","8":"product_cat-top-products","9":"product_cat-tradicinis-jemeno-bakhuras","10":"product_brands-dukhni-perfume","12":"first","13":"instock","14":"taxable","15":"shipping-taxable","16":"purchasable","17":"product-type-simple","18":"entry","19":"content-bg","20":"loop-entry"},"_links":{"self":[{"href":"https:\/\/azalia.lt\/lt\/wp-json\/wp\/v2\/product\/3724","targetHints":{"allow":["GET"]}}],"collection":[{"href":"https:\/\/azalia.lt\/lt\/wp-json\/wp\/v2\/product"}],"about":[{"href":"https:\/\/azalia.lt\/lt\/wp-json\/wp\/v2\/types\/product"}],"replies":[{"embeddable":true,"href":"https:\/\/azalia.lt\/lt\/wp-json\/wp\/v2\/comments?post=3724"}],"wp:featuredmedia":[{"embeddable":true,"href":"https:\/\/azalia.lt\/lt\/wp-json\/wp\/v2\/media\/3725"}],"wp:attachment":[{"href":"https:\/\/azalia.lt\/lt\/wp-json\/wp\/v2\/media?parent=3724"}],"wp:term":[{"taxonomy":"product_brand","embeddable":true,"href":"https:\/\/azalia.lt\/lt\/wp-json\/wp\/v2\/product_brand?post=3724"},{"taxonomy":"product_cat","embeddable":true,"href":"https:\/\/azalia.lt\/lt\/wp-json\/wp\/v2\/product_cat?post=3724"},{"taxonomy":"product_tag","embeddable":true,"href":"https:\/\/azalia.lt\/lt\/wp-json\/wp\/v2\/product_tag?post=3724"},{"taxonomy":"product_brands","embeddable":true,"href":"https:\/\/azalia.lt\/lt\/wp-json\/wp\/v2\/product_brands?post=3724"}],"curies":[{"name":"wp","href":"https:\/\/api.w.org\/{rel}","templated":true}]}}