{"id":3736,"date":"2026-04-17T17:06:56","date_gmt":"2026-04-17T17:06:56","guid":{"rendered":"https:\/\/azalia.lt\/?post_type=product&#038;p=3736"},"modified":"2026-04-17T17:22:54","modified_gmt":"2026-04-17T17:22:54","slug":"attar-sheikh-premium-azalia-unisex-1ml","status":"publish","type":"product","link":"https:\/\/azalia.lt\/lt\/produktas\/attar-sheikh-premium-azalia-unisex-1ml\/","title":{"rendered":"Attar Sheikh  Premium Azalia Unisex 1ml"},"content":{"rendered":"<p>Attar Sheikh \u2013 citrusini\u0173 vaisi\u0173, gaivus, a\u0161trus, g\u0117li\u0173 ir unisex aromatas.<br \/>\nVir\u0161utin\u0117s natos: citrusiniai vaisiai, obuoliai, grie\u017ein\u0117liai, pipirm\u0117t\u0117, rozmarinas.<br \/>\nVidurin\u0117s natos: frezijos, pakalnut\u0117s, jazminai.<br \/>\nBazin\u0117s natos: santalas, muskusas, tabakas.<br \/>\nIlgai i\u0161liekantis kvapas (8\u201312 valand\u0173). Puikiai tinka kasdienai ar ypatingoms progoms.<br \/>\nTaikyti kvepalus ant pulsuojan\u010di\u0173 viet\u0173 (rie\u0161o, alk\u016bn\u0117s lenkimo, kaklo).<br \/>\nNegalima tepti ant drabu\u017ei\u0173.<br \/>\nAlkoholis 0%.<br \/>\nPagaminta JAE.<\/p>","protected":false},"excerpt":{"rendered":"<p>Attar Sheikh \u2013 citrusini\u0173 vaisi\u0173, gaivus, a\u0161trus, g\u0117li\u0173 ir unisex aromatas<\/p>","protected":false},"featured_media":3731,"comment_status":"open","ping_status":"closed","template":"","meta":{"_bst_post_transparent":"default","_bst_post_title":"","_bst_post_layout":"default","_bst_post_sidebar_id":"","_bst_post_content_style":"default","_bst_post_vertical_padding":"default","_bst_post_feature":"","_bst_post_feature_position":"","_bst_post_header":false,"_bst_post_footer":false},"product_brand":[121],"product_cat":[211,212,202,207,87,201,204,83],"product_tag":[],"product_brands":[],"class_list":{"0":"post-3736","1":"product","2":"type-product","3":"status-publish","4":"has-post-thumbnail","6":"product_brand-azalia","7":"product_cat-cpo-1-ml","8":"product_cat-cpo-1-ml-vyriski-aliejiniai-kvepalai","9":"product_cat-floral-accords","10":"product_cat-gourmand-delights","11":"product_cat-vyriski-aliejiniai-kvepalai","12":"product_cat-musk-freshness","13":"product_cat-tobacco-leather","14":"product_cat-moteriski-aliejiniai-kvepalai","16":"first","17":"instock","18":"featured","19":"taxable","20":"shipping-taxable","21":"purchasable","22":"product-type-simple","23":"entry","24":"content-bg","25":"loop-entry"},"_links":{"self":[{"href":"https:\/\/azalia.lt\/lt\/wp-json\/wp\/v2\/product\/3736","targetHints":{"allow":["GET"]}}],"collection":[{"href":"https:\/\/azalia.lt\/lt\/wp-json\/wp\/v2\/product"}],"about":[{"href":"https:\/\/azalia.lt\/lt\/wp-json\/wp\/v2\/types\/product"}],"replies":[{"embeddable":true,"href":"https:\/\/azalia.lt\/lt\/wp-json\/wp\/v2\/comments?post=3736"}],"wp:featuredmedia":[{"embeddable":true,"href":"https:\/\/azalia.lt\/lt\/wp-json\/wp\/v2\/media\/3731"}],"wp:attachment":[{"href":"https:\/\/azalia.lt\/lt\/wp-json\/wp\/v2\/media?parent=3736"}],"wp:term":[{"taxonomy":"product_brand","embeddable":true,"href":"https:\/\/azalia.lt\/lt\/wp-json\/wp\/v2\/product_brand?post=3736"},{"taxonomy":"product_cat","embeddable":true,"href":"https:\/\/azalia.lt\/lt\/wp-json\/wp\/v2\/product_cat?post=3736"},{"taxonomy":"product_tag","embeddable":true,"href":"https:\/\/azalia.lt\/lt\/wp-json\/wp\/v2\/product_tag?post=3736"},{"taxonomy":"product_brands","embeddable":true,"href":"https:\/\/azalia.lt\/lt\/wp-json\/wp\/v2\/product_brands?post=3736"}],"curies":[{"name":"wp","href":"https:\/\/api.w.org\/{rel}","templated":true}]}}