{"id":3741,"date":"2026-04-17T17:27:08","date_gmt":"2026-04-17T17:27:08","guid":{"rendered":"https:\/\/azalia.lt\/?post_type=product&#038;p=3741"},"modified":"2026-04-17T17:53:22","modified_gmt":"2026-04-17T17:53:22","slug":"attar-xxy-x-joff-premium-azalia-unisex-1ml","status":"publish","type":"product","link":"https:\/\/azalia.lt\/lt\/produktas\/attar-xxy-x-joff-premium-azalia-unisex-1ml\/","title":{"rendered":"Attar XXY X.JOFF Premium Azalia Unisex 1ml"},"content":{"rendered":"<p>Attar XXY X.JOFF \u2013 gintaro ir g\u0117li\u0173 aromatas moterims ir vyrams.<br \/>\nVir\u0161utin\u0117s natos: persikai, bergamot\u0117 ir greipfrutas.<br \/>\nVidurin\u0117s natos: vilkdalgis, ilangilangas, juodieji pipirai ir jazminas.<br \/>\nBazin\u0117s natos: pa\u010diulis, vanil\u0117, santalas, muskusas, vetiverija ir labdanumo natos.<br \/>\nIlgai i\u0161liekantis kvapas (8\u201312 valand\u0173). Puikiai tinka kasdienai ar ypatingoms progoms.<br \/>\nTaikyti kvepalus ant pulsuojan\u010di\u0173 viet\u0173 (rie\u0161o, alk\u016bn\u0117s lenkimo, kaklo).<br \/>\nNegalima tepti ant drabu\u017ei\u0173.<br \/>\nAlkoholis 0%.<br \/>\nPagaminta JAE.<\/p>","protected":false},"excerpt":{"rendered":"<p>Attar XXY X.JOFF \u2013 gintaro ir g\u0117li\u0173 aromatas moterims ir vyrams<\/p>","protected":false},"featured_media":3731,"comment_status":"open","ping_status":"closed","template":"","meta":{"_bst_post_transparent":"default","_bst_post_title":"","_bst_post_layout":"default","_bst_post_sidebar_id":"","_bst_post_content_style":"default","_bst_post_vertical_padding":"default","_bst_post_feature":"","_bst_post_feature_position":"","_bst_post_header":false,"_bst_post_footer":false},"product_brand":[121],"product_cat":[211,212,202,207,87,201,83,200],"product_tag":[],"product_brands":[115],"class_list":{"0":"post-3741","1":"product","2":"type-product","3":"status-publish","4":"has-post-thumbnail","6":"product_brand-azalia","7":"product_cat-cpo-1-ml","8":"product_cat-cpo-1-ml-vyriski-aliejiniai-kvepalai","9":"product_cat-floral-accords","10":"product_cat-gourmand-delights","11":"product_cat-vyriski-aliejiniai-kvepalai","12":"product_cat-musk-freshness","13":"product_cat-moteriski-aliejiniai-kvepalai","14":"product_cat-wood-oud-notes","15":"product_brands-azalia","17":"first","18":"instock","19":"featured","20":"taxable","21":"shipping-taxable","22":"purchasable","23":"product-type-simple","24":"entry","25":"content-bg","26":"loop-entry"},"_links":{"self":[{"href":"https:\/\/azalia.lt\/lt\/wp-json\/wp\/v2\/product\/3741","targetHints":{"allow":["GET"]}}],"collection":[{"href":"https:\/\/azalia.lt\/lt\/wp-json\/wp\/v2\/product"}],"about":[{"href":"https:\/\/azalia.lt\/lt\/wp-json\/wp\/v2\/types\/product"}],"replies":[{"embeddable":true,"href":"https:\/\/azalia.lt\/lt\/wp-json\/wp\/v2\/comments?post=3741"}],"wp:featuredmedia":[{"embeddable":true,"href":"https:\/\/azalia.lt\/lt\/wp-json\/wp\/v2\/media\/3731"}],"wp:attachment":[{"href":"https:\/\/azalia.lt\/lt\/wp-json\/wp\/v2\/media?parent=3741"}],"wp:term":[{"taxonomy":"product_brand","embeddable":true,"href":"https:\/\/azalia.lt\/lt\/wp-json\/wp\/v2\/product_brand?post=3741"},{"taxonomy":"product_cat","embeddable":true,"href":"https:\/\/azalia.lt\/lt\/wp-json\/wp\/v2\/product_cat?post=3741"},{"taxonomy":"product_tag","embeddable":true,"href":"https:\/\/azalia.lt\/lt\/wp-json\/wp\/v2\/product_tag?post=3741"},{"taxonomy":"product_brands","embeddable":true,"href":"https:\/\/azalia.lt\/lt\/wp-json\/wp\/v2\/product_brands?post=3741"}],"curies":[{"name":"wp","href":"https:\/\/api.w.org\/{rel}","templated":true}]}}