{"id":3751,"date":"2026-04-17T18:29:37","date_gmt":"2026-04-17T18:29:37","guid":{"rendered":"https:\/\/azalia.lt\/?post_type=product&#038;p=3751"},"modified":"2026-04-17T18:40:32","modified_gmt":"2026-04-17T18:40:32","slug":"attar-accento-premium-azalia-unisex-1ml","status":"publish","type":"product","link":"https:\/\/azalia.lt\/lt\/produktas\/attar-accento-premium-azalia-unisex-1ml\/","title":{"rendered":"Attar Accento Premium Azalia Unisex 1ml"},"content":{"rendered":"<p>Attar Accento &#8211; woody-fruity aroma for women and men.<br \/>\nVir\u0161utin\u0117s natos: ananasai, hiacintas.<br \/>\nVidurin\u0117s natos: vilkdalgiai, rausvieji pipirai, jazminai.<br \/>\nBazin\u0117s natos: muskusas, vetiverija, gintaras, vanil\u0117, pa\u010diulis.<br \/>\nIlgai i\u0161liekantis kvapas (8\u201312 valand\u0173). Puikiai tinka kasdienai ar ypatingoms progoms.<br \/>\nTaikyti kvepalus ant pulsuojan\u010di\u0173 viet\u0173 (rie\u0161o, alk\u016bn\u0117s lenkimo, kaklo).<br \/>\nNegalima tepti ant drabu\u017ei\u0173.<br \/>\nAlkoholis 0%.<br \/>\nPagaminta JAE.<\/p>","protected":false},"excerpt":{"rendered":"<p>Attar Accento \u2013 medienos ir vaisi\u0173 aromatas moterims ir vyrams<\/p>","protected":false},"featured_media":3731,"comment_status":"open","ping_status":"closed","template":"","meta":{"_bst_post_transparent":"default","_bst_post_title":"","_bst_post_layout":"default","_bst_post_sidebar_id":"","_bst_post_content_style":"default","_bst_post_vertical_padding":"default","_bst_post_feature":"","_bst_post_feature_position":"","_bst_post_header":false,"_bst_post_footer":false},"product_brand":[121],"product_cat":[211,212,203,87,201,83,200],"product_tag":[],"product_brands":[115],"class_list":{"0":"post-3751","1":"product","2":"type-product","3":"status-publish","4":"has-post-thumbnail","6":"product_brand-azalia","7":"product_cat-cpo-1-ml","8":"product_cat-cpo-1-ml-vyriski-aliejiniai-kvepalai","9":"product_cat-golden-amber","10":"product_cat-vyriski-aliejiniai-kvepalai","11":"product_cat-musk-freshness","12":"product_cat-moteriski-aliejiniai-kvepalai","13":"product_cat-wood-oud-notes","14":"product_brands-azalia","16":"first","17":"instock","18":"featured","19":"taxable","20":"shipping-taxable","21":"purchasable","22":"product-type-simple","23":"entry","24":"content-bg","25":"loop-entry"},"_links":{"self":[{"href":"https:\/\/azalia.lt\/lt\/wp-json\/wp\/v2\/product\/3751","targetHints":{"allow":["GET"]}}],"collection":[{"href":"https:\/\/azalia.lt\/lt\/wp-json\/wp\/v2\/product"}],"about":[{"href":"https:\/\/azalia.lt\/lt\/wp-json\/wp\/v2\/types\/product"}],"replies":[{"embeddable":true,"href":"https:\/\/azalia.lt\/lt\/wp-json\/wp\/v2\/comments?post=3751"}],"wp:featuredmedia":[{"embeddable":true,"href":"https:\/\/azalia.lt\/lt\/wp-json\/wp\/v2\/media\/3731"}],"wp:attachment":[{"href":"https:\/\/azalia.lt\/lt\/wp-json\/wp\/v2\/media?parent=3751"}],"wp:term":[{"taxonomy":"product_brand","embeddable":true,"href":"https:\/\/azalia.lt\/lt\/wp-json\/wp\/v2\/product_brand?post=3751"},{"taxonomy":"product_cat","embeddable":true,"href":"https:\/\/azalia.lt\/lt\/wp-json\/wp\/v2\/product_cat?post=3751"},{"taxonomy":"product_tag","embeddable":true,"href":"https:\/\/azalia.lt\/lt\/wp-json\/wp\/v2\/product_tag?post=3751"},{"taxonomy":"product_brands","embeddable":true,"href":"https:\/\/azalia.lt\/lt\/wp-json\/wp\/v2\/product_brands?post=3751"}],"curies":[{"name":"wp","href":"https:\/\/api.w.org\/{rel}","templated":true}]}}