{"id":3758,"date":"2026-04-18T06:04:29","date_gmt":"2026-04-18T06:04:29","guid":{"rendered":"https:\/\/azalia.lt\/?post_type=product&#038;p=3758"},"modified":"2026-04-26T16:33:33","modified_gmt":"2026-04-26T16:33:33","slug":"bedumiai-bakhoor-smilkalu-rinkinys-20vnt-rainbow-egzotiskas-bakhoor-smilkalas","status":"publish","type":"product","link":"https:\/\/azalia.lt\/lt\/produktas\/bedumiai-bakhoor-smilkalu-rinkinys-20vnt-rainbow-egzotiskas-bakhoor-smilkalas\/","title":{"rendered":"Bed\u016bmiai Bakhoor Smilkalai (20 vnt.) ir Rainbow Exotic Bakhoor Smilkykl\u0117"},"content":{"rendered":"<p><strong>Smokeless Bakhoor rinkinys \u2013 nam\u0173 jaukumas be d\u016bm\u0173<\/strong><br \/>\nTai idealus rinkinys tiems, kurie nori m\u0117gautis prabangiais aromatais be d\u016bm\u0173.<br \/>\nPrie\u0161ingai nei naudojant tradicin\u0119 angl\u012f, \u201eRainbow Exotic\u201c garintuvas naudoja arbatin\u0119 \u017evak\u0119, kuri \u0161velniai kaitina bak\u016bro plytele,<br \/>\nTaip skleid\u017eiamas tyras, prabangus aromatas be suod\u017ei\u0173 ar tir\u0161t\u0173 d\u016bm\u0173.<\/p>\n<p><strong>Rinkin\u012f sudaro:<\/strong><br \/>\n\ud83c\udf43 Stilingas metalinis \u201eRainbow Exotic\u201c bak\u016bro garintuvas.<br \/>\n\ud83c\udf43Medinis pad\u0117kliukas.<br \/>\n\ud83c\udf43 \u017dvak\u0117 (12 g).<br \/>\n\ud83c\udf43 20 vnt. bak\u016bro plyteli\u0173: 10 skirting\u0173 aromat\u0173 (po 2 vnt. kiekvieno).<br \/>\n\ud83c\udf81 Rinkinys paruo\u0161tas naudoti (\u017evak\u0117 pridedama!).<\/p>\n<p><strong>Kaip naudoti:<\/strong><\/p>\n<p>1.Pad\u0117kite garintuv\u0105 ant medinio pad\u0117kliuko.<br \/>\n2U\u017edekite arbatin\u0119 \u017evak\u0119 (T-Light) ir \u012fd\u0117kite j\u0105 \u012f garintuvo vid\u0173.<br \/>\n3.Pad\u0117kite bak\u016bro plytel\u0119 ant varin\u0117s l\u0117k\u0161tel\u0117s.<br \/>\n4.Per 30 sekund\u017ei\u0173 \u017evak\u0117 \u0161velniai \u012fkaitins bak\u016br\u0105 ir pasklis sodrus aromatas.<\/p>\n<p><strong>D\u0117mesio!<\/strong><\/p>\n<p>\u2022 Naudokite tik su originaliomis bak\u016bro plytel\u0117mis ir 12 g \u017evak\u0117mis.<br \/>\n\u2022Liepsna neturi liesti l\u0117k\u0161tel\u0117s. Prie\u0161 kiekvien\u0105 naudojim\u0105 nuvalykite l\u0117k\u0161tel\u0119.<br \/>\n\u2022Nelieskite garintuvo ar l\u0117k\u0161tel\u0117s degant \u017evakei \u2013 jie labai \u012fkaista.<br \/>\n\u2022Nedeginkite \u017evak\u0117s ilgiau nei 3 valandas vienu metu.<br \/>\n\u2022Saugokite nuo vaik\u0173 ir namini\u0173 gyv\u016bn\u0173.<\/p>","protected":false},"excerpt":{"rendered":"<p>\ud83c\udf43 Vegani\u0161ka | Halal | Nebandyta Su Gyv\u016bnais<br \/>\nEgzoti\u0161kas Jemeno aromatas, pradinantis geriausius j\u016bs\u0173 jausmus.<br \/>\nRank\u0173 darbo paveldas nuo 1907 m<\/p>","protected":false},"featured_media":3760,"comment_status":"open","ping_status":"closed","template":"","meta":{"_bst_post_transparent":"default","_bst_post_title":"","_bst_post_layout":"default","_bst_post_sidebar_id":"","_bst_post_content_style":"default","_bst_post_vertical_padding":"default","_bst_post_feature":"","_bst_post_feature_position":"","_bst_post_header":false,"_bst_post_footer":false},"product_brand":[197],"product_cat":[208,135,210],"product_tag":[],"product_brands":[196],"class_list":{"0":"post-3758","1":"product","2":"type-product","3":"status-publish","4":"has-post-thumbnail","6":"product_brand-dukhni-perfume","7":"product_cat-egzotiska-jemeno-aromatu-kolekcija","8":"product_cat-top-products","9":"product_cat-tradicinis-jemeno-bakhuras","10":"product_brands-dukhni-perfume","12":"first","13":"instock","14":"featured","15":"taxable","16":"shipping-taxable","17":"purchasable","18":"product-type-simple","19":"entry","20":"content-bg","21":"loop-entry"},"_links":{"self":[{"href":"https:\/\/azalia.lt\/lt\/wp-json\/wp\/v2\/product\/3758","targetHints":{"allow":["GET"]}}],"collection":[{"href":"https:\/\/azalia.lt\/lt\/wp-json\/wp\/v2\/product"}],"about":[{"href":"https:\/\/azalia.lt\/lt\/wp-json\/wp\/v2\/types\/product"}],"replies":[{"embeddable":true,"href":"https:\/\/azalia.lt\/lt\/wp-json\/wp\/v2\/comments?post=3758"}],"wp:featuredmedia":[{"embeddable":true,"href":"https:\/\/azalia.lt\/lt\/wp-json\/wp\/v2\/media\/3760"}],"wp:attachment":[{"href":"https:\/\/azalia.lt\/lt\/wp-json\/wp\/v2\/media?parent=3758"}],"wp:term":[{"taxonomy":"product_brand","embeddable":true,"href":"https:\/\/azalia.lt\/lt\/wp-json\/wp\/v2\/product_brand?post=3758"},{"taxonomy":"product_cat","embeddable":true,"href":"https:\/\/azalia.lt\/lt\/wp-json\/wp\/v2\/product_cat?post=3758"},{"taxonomy":"product_tag","embeddable":true,"href":"https:\/\/azalia.lt\/lt\/wp-json\/wp\/v2\/product_tag?post=3758"},{"taxonomy":"product_brands","embeddable":true,"href":"https:\/\/azalia.lt\/lt\/wp-json\/wp\/v2\/product_brands?post=3758"}],"curies":[{"name":"wp","href":"https:\/\/api.w.org\/{rel}","templated":true}]}}