{"id":3778,"date":"2026-04-18T17:07:18","date_gmt":"2026-04-18T17:07:18","guid":{"rendered":"https:\/\/azalia.lt\/?post_type=product&#038;p=3778"},"modified":"2026-04-26T17:37:56","modified_gmt":"2026-04-26T17:37:56","slug":"oud-al-raghbah-bakhoor-luxurious-yemeni-incense-9-pcs","status":"publish","type":"product","link":"https:\/\/azalia.lt\/lt\/produktas\/oud-al-raghbah-bakhoor-luxurious-yemeni-incense-9-pcs\/","title":{"rendered":"Oud Al Raghbah Bakhoor Prabang\u016bs Jemenieti\u0161ki Bed\u016bmiai  Smilkalai (9 vnt.)"},"content":{"rendered":"<p><strong>\u201eOud Al Raghbah Bakhoor\u201c \u2013 prabang\u016bs Jemeno smilkalai (9 vnt.)<\/strong>\" \u2013 tai auk\u0161\u010diausios kokyb\u0117s rank\u0173 darbo smilkalai, puikiai tinkantys meditacijai, maldai ar jaukiai nam\u0173 atmosferai sukurti.<br \/>\nKiekviena plytel\u0117 yra gaminama rankomis, laikantis \u0161imtme\u010di\u0173 senumo Jemenieti\u0161k\u0173 tradicij\u0173.<br \/>\nTai ne tik smilkalai \u2013 tai meistr\u0173 perduodama \u0161iluma ir energija.<br \/>\nI\u0161band\u017eius \u0161iuos ne\u012fprastus aromatus, jie pa\u017eadina geriausius jausmus, pripildo \u0161ird\u012f harmonijos ir sukuria ypating\u0105 vidin\u0117s ramyb\u0117s b\u016bsen\u0105.<br \/>\nTai ne tik smilkalai \u2013 tai kvap\u0173 terapija, kuri\u0105 i\u0161band\u017eius ne\u012fmanoma likti abejingam.<br \/>\n<strong>Asmenin\u0117 patirtis ir emocijos:<\/strong><br \/>\nTai ne\u012fprasti ir u\u017eburiantys aromatai, kurie palie\u010dia giliausias sielos stygas. Kiekviena nata pa\u017eadina \u017emoguje geriausius jausmus, pripildo \u0161ird\u012f harmonijos ir sukuria ypating\u0105 vidin\u0117s ramyb\u0117s b\u016bsen\u0105. Tai kvapas, kuris transformuoja erdv\u0119 ir j\u016bs\u0173 nuotaik\u0105.<br \/>\n<strong>Panaudojimo universalumas:<\/strong><br \/>\n\u0160ie smilkalai puikiai tinka ne tik nam\u0173 erdvei. Senov\u0117s tradicijos moko \u0161iuo aromatu subtiliai pakv\u0117pinti plaukus ir drabu\u017eius \u2013 nat\u016bral\u016bs derv\u0173 kvapai \u012fsigeria \u012f audinius bei sruogas, palikdami prabang\u0173 ir ilgai i\u0161liekant\u012f \u0161leif\u0105, kuris lyd\u0117s jus vis\u0105 dien\u0105.<br \/>\nUniversalus naudojimas: \u0161ias \u201ebakhoor\u201c plyteles galite naudoti tiek su moderniomis bed\u016bm\u0117mis smilkykl\u0117mis (naudojant \u017evak\u0119), tiek tradiciniu b\u016bdu \u2013 dedant ant \u012fkaitintos anglies.\u201c<\/p>\n<p><strong>Aromato Natos:<\/strong><br \/>\n\ud83c\udf43 Ro\u017e\u0117 \u2022 Muskato rie\u0161utas \u2022 Lauko G\u0117l\u0117s \u2022 Citrin\u017eol\u0117 \u2022 Raudonmedis \u2022 Vetiveris \u2022 Agarmedis (Udas)<\/p>\n<table style=\"letter-spacing: 0.3px;\">\n<tbody>\n<tr>\n<td><strong>Kaip naudoti<\/strong><\/p>\n<p>1.Pad\u0117kite garintuv\u0105 ant medinio pad\u0117kliuko.<br \/>\n2.Pad\u0117kite bak\u016bro plytel\u0119 ant varin\u0117s l\u0117k\u0161tel\u0117s.<br \/>\n3.Pad\u0117kite bak\u016bro plytel\u0119 ant varin\u0117s l\u0117k\u0161tel\u0117s<br \/>\n4.Jau po 30 sekund\u017ei\u0173 pajusite sklindant\u012f prabang\u0173 aromat\u0105<br \/>\n5Jei norite pakv\u0117pinti plaukus ar drabu\u017eius, atsargiai leiskite \u0161ilto oro srovei pasiekti juos i\u0161 saugaus atstumo.<br \/>\n6.Pasim\u0117gav\u0119 aromatu (po 45\u201360 min.), u\u017ep\u016bskite \u017evak\u0119. Prie\u0161 nuimdami plytel\u0119, leiskite jai atv\u0117sti.<\/td>\n<td rowspan=\"3\"><div style=\"width: 380px;\" class=\"wp-video\"><video class=\"wp-video-shortcode\" id=\"video-3778-1\" width=\"380\" height=\"380\" preload=\"metadata\" controls=\"controls\"><source type=\"video\/mp4\" src=\"https:\/\/azalia.lt\/wp-content\/uploads\/2026\/04\/sandal-bakhoor-video-instruction.mp4?_=1\" \/><a href=\"https:\/\/azalia.lt\/wp-content\/uploads\/2026\/04\/sandal-bakhoor-video-instruction.mp4\">https:\/\/azalia.lt\/wp-content\/uploads\/2026\/04\/sandal-bakhoor-video-instruction.mp4<\/a><\/video><\/div><\/td>\n<\/tr>\n<tr>\n<td><strong>D\u0117mesio!<\/strong><\/p>\n<p>\u2022 Naudokite tik su originaliu bak\u016bru ir 12 g arbatin\u0117mis \u017evak\u0117mis.<br \/>\n\u2022 Nelieskite garintuvo ar l\u0117k\u0161tel\u0117s degant \u017evakei \u2013 jie labai \u012fkaista.<br \/>\n\u2022Nedeginkite \u017evak\u0117s ilgiau nei 3 valandas vienu metu.<br \/>\n\u2022  Saugokite nuo ugnies, vaik\u0173 ir namini\u0173 gyv\u016bn\u0173.<\/td>\n<\/tr>\n<\/tbody>\n<\/table>","protected":false},"excerpt":{"rendered":"<p>\ud83c\udf43 Vegani\u0161ka | Halal | Nebandyta Su Gyv\u016bnais<br \/>\nEgzoti\u0161kas Jemeno aromatas, pradinantis geriausius j\u016bs\u0173 jausmus.<br \/>\nRank\u0173 darbo paveldas nuo 1907 m<\/p>","protected":false},"featured_media":3779,"comment_status":"open","ping_status":"closed","template":"","meta":{"_bst_post_transparent":"default","_bst_post_title":"","_bst_post_layout":"default","_bst_post_sidebar_id":"","_bst_post_content_style":"default","_bst_post_vertical_padding":"default","_bst_post_feature":"","_bst_post_feature_position":"","_bst_post_header":false,"_bst_post_footer":false},"product_brand":[197],"product_cat":[208,135,210],"product_tag":[],"product_brands":[],"class_list":{"0":"post-3778","1":"product","2":"type-product","3":"status-publish","4":"has-post-thumbnail","6":"product_brand-dukhni-perfume","7":"product_cat-egzotiska-jemeno-aromatu-kolekcija","8":"product_cat-top-products","9":"product_cat-tradicinis-jemeno-bakhuras","11":"first","12":"instock","13":"featured","14":"taxable","15":"shipping-taxable","16":"purchasable","17":"product-type-simple","18":"entry","19":"content-bg","20":"loop-entry"},"_links":{"self":[{"href":"https:\/\/azalia.lt\/lt\/wp-json\/wp\/v2\/product\/3778","targetHints":{"allow":["GET"]}}],"collection":[{"href":"https:\/\/azalia.lt\/lt\/wp-json\/wp\/v2\/product"}],"about":[{"href":"https:\/\/azalia.lt\/lt\/wp-json\/wp\/v2\/types\/product"}],"replies":[{"embeddable":true,"href":"https:\/\/azalia.lt\/lt\/wp-json\/wp\/v2\/comments?post=3778"}],"wp:featuredmedia":[{"embeddable":true,"href":"https:\/\/azalia.lt\/lt\/wp-json\/wp\/v2\/media\/3779"}],"wp:attachment":[{"href":"https:\/\/azalia.lt\/lt\/wp-json\/wp\/v2\/media?parent=3778"}],"wp:term":[{"taxonomy":"product_brand","embeddable":true,"href":"https:\/\/azalia.lt\/lt\/wp-json\/wp\/v2\/product_brand?post=3778"},{"taxonomy":"product_cat","embeddable":true,"href":"https:\/\/azalia.lt\/lt\/wp-json\/wp\/v2\/product_cat?post=3778"},{"taxonomy":"product_tag","embeddable":true,"href":"https:\/\/azalia.lt\/lt\/wp-json\/wp\/v2\/product_tag?post=3778"},{"taxonomy":"product_brands","embeddable":true,"href":"https:\/\/azalia.lt\/lt\/wp-json\/wp\/v2\/product_brands?post=3778"}],"curies":[{"name":"wp","href":"https:\/\/api.w.org\/{rel}","templated":true}]}}