{"id":3796,"date":"2026-04-20T12:54:19","date_gmt":"2026-04-20T12:54:19","guid":{"rendered":"https:\/\/azalia.lt\/?post_type=product&#038;p=3796"},"modified":"2026-04-20T14:06:08","modified_gmt":"2026-04-20T14:06:08","slug":"attar-oud-al-raghbah-premium-cpo-unisex-6ml","status":"publish","type":"product","link":"https:\/\/azalia.lt\/lt\/produktas\/attar-oud-al-raghbah-premium-cpo-unisex-6ml\/","title":{"rendered":"Attar Oud Al Raghbah Premium CPO Unisex 6ml"},"content":{"rendered":"<p>We are glad to offer Yemeni Perfumed Oils (Attars)\u00a0 from the Yemeni company, which specialises in the art of developing fragrances and incense from 1907.<br \/>\nExotic Yemeni Oils \u2013 a luxurious fragrance awakening your best feelings.<br \/>\nThey are made from the finest quality, sustainably-sourced natural ingredients.<br \/>\nThey are unique and unforgettable.<br \/>\nDiscover an unbelievably delicious, handmade aroma born from the most precious Yemeni resins and Indian oils.<br \/>\nThis is a century-old family secret (since 1907) that brings a regal trail to your body and harmony to your home.<br \/>\nA scent that touches the soul and delivers unreal emotions every single day<\/p>\n<p><strong>Aromato Natos:<\/strong><br \/>\n\ud83c\udf51 Top Notes: citrus, kewra.<br \/>\n\ud83c\udf51 Heart Notes: rosewood, nutmeg.<br \/>\n\ud83c\udf32 Base Notes: earthy vetiver. oud.<\/p>\n<p><strong>Why choose Oud Al Raghbah?<\/strong><br \/>\n\u2728  Ilgai i\u0161liekantis: Itin koncentruotas aliejus garantuoja sodr\u0173 kvap\u0105 visai dienai.<br \/>\n\ud83d\udeabBe alkoholio: Draugi\u0161kas odai, nei\u0161garuoja taip greitai kaip \u012fprasti kvepalai.<br \/>\n\ud83c\udf3f100% Vegani\u0161kas: Pagamintas laikantis tvarumo princip\u0173.<br \/>\n\ud83d\udc5c Patogus Roll-on: Kompakti\u0161kas buteliukas, kur\u012f lengva naudoti bet kur ir bet kada.<br \/>\n\ud83c\udf81 DOVANA Jums!<br \/>\nWith every order, we include a free 1 ml sample of another fragrance. It\u2019s a wonderful opportunity to discover your next favourite scent absolutely free of charge!<br \/>\n<em>Personally tested: this fragrance makes you smile every time you smell it. It\u2019s a real gift for your senses!<\/em><\/p>","protected":false},"excerpt":{"rendered":"<p>Exotic Yemeni Luxurious Fragrance Awakening Your Best Feelings<\/p>","protected":false},"featured_media":3797,"comment_status":"open","ping_status":"closed","template":"","meta":{"_bst_post_transparent":"default","_bst_post_title":"","_bst_post_layout":"default","_bst_post_sidebar_id":"","_bst_post_content_style":"default","_bst_post_vertical_padding":"default","_bst_post_feature":"","_bst_post_feature_position":"","_bst_post_header":false,"_bst_post_footer":false},"product_brand":[197],"product_cat":[137,136,209,208,202,87,83,200],"product_tag":[],"product_brands":[196],"class_list":{"0":"post-3796","1":"product","2":"type-product","3":"status-publish","4":"has-post-thumbnail","6":"product_brand-dukhni-perfume","7":"product_cat-cpo-6ml-men","8":"product_cat-cpo-6ml-women","9":"product_cat-isskirtiniai-jemeno-aliejiniai-kvepalai-be-spirito","10":"product_cat-egzotiska-jemeno-aromatu-kolekcija","11":"product_cat-floral-accords","12":"product_cat-vyriski-aliejiniai-kvepalai","13":"product_cat-moteriski-aliejiniai-kvepalai","14":"product_cat-wood-oud-notes","15":"product_brands-dukhni-perfume","17":"first","18":"instock","19":"featured","20":"taxable","21":"shipping-taxable","22":"purchasable","23":"product-type-simple","24":"entry","25":"content-bg","26":"loop-entry"},"_links":{"self":[{"href":"https:\/\/azalia.lt\/lt\/wp-json\/wp\/v2\/product\/3796","targetHints":{"allow":["GET"]}}],"collection":[{"href":"https:\/\/azalia.lt\/lt\/wp-json\/wp\/v2\/product"}],"about":[{"href":"https:\/\/azalia.lt\/lt\/wp-json\/wp\/v2\/types\/product"}],"replies":[{"embeddable":true,"href":"https:\/\/azalia.lt\/lt\/wp-json\/wp\/v2\/comments?post=3796"}],"wp:featuredmedia":[{"embeddable":true,"href":"https:\/\/azalia.lt\/lt\/wp-json\/wp\/v2\/media\/3797"}],"wp:attachment":[{"href":"https:\/\/azalia.lt\/lt\/wp-json\/wp\/v2\/media?parent=3796"}],"wp:term":[{"taxonomy":"product_brand","embeddable":true,"href":"https:\/\/azalia.lt\/lt\/wp-json\/wp\/v2\/product_brand?post=3796"},{"taxonomy":"product_cat","embeddable":true,"href":"https:\/\/azalia.lt\/lt\/wp-json\/wp\/v2\/product_cat?post=3796"},{"taxonomy":"product_tag","embeddable":true,"href":"https:\/\/azalia.lt\/lt\/wp-json\/wp\/v2\/product_tag?post=3796"},{"taxonomy":"product_brands","embeddable":true,"href":"https:\/\/azalia.lt\/lt\/wp-json\/wp\/v2\/product_brands?post=3796"}],"curies":[{"name":"wp","href":"https:\/\/api.w.org\/{rel}","templated":true}]}}