{"id":3883,"date":"2026-04-22T07:49:28","date_gmt":"2026-04-22T07:49:28","guid":{"rendered":"https:\/\/azalia.lt\/?post_type=product&#038;p=3883"},"modified":"2026-04-26T13:11:09","modified_gmt":"2026-04-26T13:11:09","slug":"attar-oud-al-ibtisam-cpo-unisex-6ml","status":"publish","type":"product","link":"https:\/\/azalia.lt\/lt\/produktas\/attar-oud-al-ibtisam-cpo-unisex-6ml\/","title":{"rendered":"Attar Oud Al Ibtisam CPO Unisex 6ml"},"content":{"rendered":"<p>D\u017eiaugiam\u0117s gal\u0117dami pasi\u016blyti Jemeno parfumuotus aliejus (atarus) i\u0161 Jemeno kompanijos, kuri specializuojasi aromat\u0173 ir smilkal\u0173 k\u016brimo mene nuo pat 1907 met\u0173<br \/>\n\u0160i\u0173 Jemeno aromat\u0173 istorija prasid\u0117jo daugiau nei prie\u0161 \u0161imtmet\u012f, o j\u0173 gamybos paslaptys laikomos grie\u017etoje paslaptyje ir perduodamos i\u0161 kartos \u012f kart\u0105.<br \/>\nAtraskite ne\u012ftik\u0117tinai egzoti\u0161kus aromatus, gimusius i\u0161 brangiausi\u0173 Jemeno derv\u0173 ir Indijos aliej\u0173 \u2013 kvapus, kurie pa\u017eadina geriausius j\u016bs\u0173 jausmus.<\/p>\n<p><strong>Attar Oud Al Ibtisam<\/strong> \u2013 tai \u0161viesus ir pakyl\u0117jantis aromatas, suteikiantis tradiciniam udui \u201e\u0161ypsen\u0105\u201c. I\u0161 arab\u0173 kalbos \u201eAl Ibtisam\u201c rei\u0161kia \u201e\u0160ypsena\u201c.<br \/>\nPuikiai subalansuotas, \u0161iuolaiki\u0161kas rytieti\u0161kas kvapas.<br \/>\n<strong>Aromato Natos:<\/strong><br \/>\n\ud83c\udf43 Bergamot\u0117 \u2022 Ro\u017e\u0117 \u2022 Jazminaitis \u2022 Agarmedis (Udas) \u2022 Muskusas \u2022 Ambra<\/p>\n<p>Kod\u0117l verta rinktis Azalia aromatus?<br \/>\n\ud83c\udf43 <strong>100 % Nat\u016bralu ir Vegani\u0161ka <\/strong>\u2022 Sudaroma tik i\u0161 gryn\u0173 augalin\u0117s kilm\u0117s ingredient\u0173.<br \/>\n\ud83d\udc3e <strong>Nebandyta su Gyv\u016bnais <\/strong>\u2022 M\u016bs\u0173 produkcija niekada nebuvo ir n\u0117ra bandoma su gyv\u016bnais.<br \/>\n\ud83d\udeab <strong>Be Alkoholio<\/strong> \u2022 100 % aliejinis pagrindas, tausojantis od\u0105 ir u\u017etikrinantis ilgai i\u0161liekant\u012f kvap\u0105.<br \/>\n\u23f3 <strong>12+ Valand\u0173 <\/strong>\u2022 Didel\u0117 koncentracija u\u017etikrina sodr\u0173 aromat\u0105 vis\u0105 dien\u0105.<br \/>\n\ud83c\udf81 <strong>DOVANA Jums!<\/strong> \u2022 Prie kiekvieno u\u017esakymo pridedamas nemokamas 1 ml m\u0117gin\u0117lis.<\/p>\n<p><em>I\u0161bandyta asmeni\u0161kai: \u0161is aromatas priver\u010dia nusi\u0161ypsoti kiekvien\u0105 kart\u0105 j\u012f u\u017euodus. Tai tikra dovana j\u016bs\u0173 poj\u016b\u010diams!<\/em><\/p>","protected":false},"excerpt":{"rendered":"<p>\ud83c\udf43 Vegani\u0161ka | Halal | Nebandyta Su Gyv\u016bnais<br \/>\nEgzoti\u0161kas Jemeno aromatas, pradinantis geriausius j\u016bs\u0173 jausmus.<br \/>\nRank\u0173 darbo paveldas nuo 1907 m<\/p>","protected":false},"featured_media":3887,"comment_status":"open","ping_status":"closed","template":"","meta":{"_bst_post_transparent":"default","_bst_post_title":"","_bst_post_layout":"default","_bst_post_sidebar_id":"","_bst_post_content_style":"default","_bst_post_vertical_padding":"default","_bst_post_feature":"","_bst_post_feature_position":"","_bst_post_header":false,"_bst_post_footer":false},"product_brand":[197],"product_cat":[137,136,209,208,202,203,87,201,83,200],"product_tag":[],"product_brands":[196],"class_list":{"0":"post-3883","1":"product","2":"type-product","3":"status-publish","4":"has-post-thumbnail","6":"product_brand-dukhni-perfume","7":"product_cat-cpo-6ml-men","8":"product_cat-cpo-6ml-women","9":"product_cat-isskirtiniai-jemeno-aliejiniai-kvepalai-be-spirito","10":"product_cat-egzotiska-jemeno-aromatu-kolekcija","11":"product_cat-floral-accords","12":"product_cat-golden-amber","13":"product_cat-vyriski-aliejiniai-kvepalai","14":"product_cat-musk-freshness","15":"product_cat-moteriski-aliejiniai-kvepalai","16":"product_cat-wood-oud-notes","17":"product_brands-dukhni-perfume","19":"first","20":"instock","21":"featured","22":"taxable","23":"shipping-taxable","24":"purchasable","25":"product-type-simple","26":"entry","27":"content-bg","28":"loop-entry"},"_links":{"self":[{"href":"https:\/\/azalia.lt\/lt\/wp-json\/wp\/v2\/product\/3883","targetHints":{"allow":["GET"]}}],"collection":[{"href":"https:\/\/azalia.lt\/lt\/wp-json\/wp\/v2\/product"}],"about":[{"href":"https:\/\/azalia.lt\/lt\/wp-json\/wp\/v2\/types\/product"}],"replies":[{"embeddable":true,"href":"https:\/\/azalia.lt\/lt\/wp-json\/wp\/v2\/comments?post=3883"}],"wp:featuredmedia":[{"embeddable":true,"href":"https:\/\/azalia.lt\/lt\/wp-json\/wp\/v2\/media\/3887"}],"wp:attachment":[{"href":"https:\/\/azalia.lt\/lt\/wp-json\/wp\/v2\/media?parent=3883"}],"wp:term":[{"taxonomy":"product_brand","embeddable":true,"href":"https:\/\/azalia.lt\/lt\/wp-json\/wp\/v2\/product_brand?post=3883"},{"taxonomy":"product_cat","embeddable":true,"href":"https:\/\/azalia.lt\/lt\/wp-json\/wp\/v2\/product_cat?post=3883"},{"taxonomy":"product_tag","embeddable":true,"href":"https:\/\/azalia.lt\/lt\/wp-json\/wp\/v2\/product_tag?post=3883"},{"taxonomy":"product_brands","embeddable":true,"href":"https:\/\/azalia.lt\/lt\/wp-json\/wp\/v2\/product_brands?post=3883"}],"curies":[{"name":"wp","href":"https:\/\/api.w.org\/{rel}","templated":true}]}}