{"id":3899,"date":"2026-04-22T13:49:52","date_gmt":"2026-04-22T13:49:52","guid":{"rendered":"https:\/\/azalia.lt\/?post_type=product&#038;p=3899"},"modified":"2026-04-26T13:59:22","modified_gmt":"2026-04-26T13:59:22","slug":"attar-al-shabab-cpo-unisex-6ml","status":"publish","type":"product","link":"https:\/\/azalia.lt\/lt\/produktas\/attar-al-shabab-cpo-unisex-6ml\/","title":{"rendered":"Attar Al Shabab CPO Unisex 6ml"},"content":{"rendered":"<p>D\u017eiaugiam\u0117s gal\u0117dami pasi\u016blyti Jemeno parfumuotus aliejus (atarus) i\u0161 Jemeno kompanijos, kuri specializuojasi aromat\u0173 ir smilkal\u0173 k\u016brimo mene nuo pat 1907 met\u0173<br \/>\n\u0160i\u0173 Jemeno aromat\u0173 istorija prasid\u0117jo daugiau nei prie\u0161 \u0161imtmet\u012f, o j\u0173 gamybos paslaptys laikomos grie\u017etoje paslaptyje ir perduodamos i\u0161 kartos \u012f kart\u0105.<br \/>\nAtraskite ne\u012ftik\u0117tinai egzoti\u0161kus aromatus, gimusius i\u0161 brangiausi\u0173 Jemeno derv\u0173 ir Indijos aliej\u0173 \u2013 kvapus, kurie pa\u017eadina geriausius j\u016bs\u0173 jausmus.<\/p>\n<p><strong>Attar Al Shabab<\/strong> tai unikalus unisex aromatas, praturtintas \u0161vent\u0105ja Kopalio derva (senov\u0117s Maj\u0173 ir Actek\u0173 \u201e\u0161ventaisiais smilkalais\u201c).<br \/>\nNors \u0161is kvapas pasi\u017eymi \u0161variu, lengvu medienos dvelksmu, asmeninis testavimas parod\u0117 jo itin didel\u012f i\u0161liekamum\u0105 ir \u012fsp\u016bding\u0105 \u0161leif\u0105.<br \/>\n\u0160is harmoningas derinys suteikia ramyb\u0117s bei energijos ir lydi jus vis\u0105 dien\u0105, sukurdamas tobul\u0105 poj\u016b\u010di\u0173 pusiausvyr\u0105.<br \/>\n<strong>Aromato Natos:<\/strong><br \/>\n\ud83c\udf43 Kopalio Derva \u2022 Sald\u016bs akordai \u2022 D\u016bminiai Tonai \u2022 Taurieji Med\u017eiai.<\/p>\n<p><strong>Kod\u0117l verta rinktis Azalia aromatus?<\/strong><br \/>\n\ud83c\udf43 <strong>100 % Nat\u016bralu ir Vegani\u0161ka <\/strong>\u2022 Sudaroma tik i\u0161 gryn\u0173 augalin\u0117s kilm\u0117s ingredient\u0173.<br \/>\n\ud83d\udc3e <strong>Nebandyta su Gyv\u016bnais <\/strong>\u2022 M\u016bs\u0173 produkcija niekada nebuvo ir n\u0117ra bandoma su gyv\u016bnais.<br \/>\n\ud83d\udeab <strong>Be Alkoholio<\/strong> \u2022 100 % aliejinis pagrindas, tausojantis od\u0105 ir u\u017etikrinantis ilgai i\u0161liekant\u012f kvap\u0105.<br \/>\n\u23f3 <strong>12+ Valand\u0173 <\/strong>\u2022 Didel\u0117 koncentracija u\u017etikrina sodr\u0173 aromat\u0105 vis\u0105 dien\u0105.<br \/>\n\ud83c\udf81 <strong>DOVANA Jums!<\/strong> \u2022 Prie kiekvieno u\u017esakymo pridedamas nemokamas 1 ml m\u0117gin\u0117lis.<\/p>\n<p><em>I\u0161bandyta asmeni\u0161kai: \u0161is aromatas priver\u010dia nusi\u0161ypsoti kiekvien\u0105 kart\u0105 j\u012f u\u017euodus. Tai tikra dovana j\u016bs\u0173 poj\u016b\u010diams!<\/em><\/p>","protected":false},"excerpt":{"rendered":"<p>\ud83c\udf43 Vegani\u0161ka | Halal | Nebandyta Su Gyv\u016bnais<br \/>\nEgzoti\u0161kas Jemeno aromatas, pradinantis geriausius j\u016bs\u0173 jausmus.<br \/>\nRank\u0173 darbo paveldas nuo 1907 m<\/p>","protected":false},"featured_media":3901,"comment_status":"open","ping_status":"closed","template":"","meta":{"_bst_post_transparent":"default","_bst_post_title":"","_bst_post_layout":"default","_bst_post_sidebar_id":"","_bst_post_content_style":"default","_bst_post_vertical_padding":"default","_bst_post_feature":"","_bst_post_feature_position":"","_bst_post_header":false,"_bst_post_footer":false},"product_brand":[197],"product_cat":[137,136,209,208,87,205,204,83,200],"product_tag":[],"product_brands":[196],"class_list":{"0":"post-3899","1":"product","2":"type-product","3":"status-publish","4":"has-post-thumbnail","6":"product_brand-dukhni-perfume","7":"product_cat-cpo-6ml-men","8":"product_cat-cpo-6ml-women","9":"product_cat-isskirtiniai-jemeno-aliejiniai-kvepalai-be-spirito","10":"product_cat-egzotiska-jemeno-aromatu-kolekcija","11":"product_cat-vyriski-aliejiniai-kvepalai","12":"product_cat-sacred-smoke","13":"product_cat-tobacco-leather","14":"product_cat-moteriski-aliejiniai-kvepalai","15":"product_cat-wood-oud-notes","16":"product_brands-dukhni-perfume","18":"first","19":"instock","20":"featured","21":"taxable","22":"shipping-taxable","23":"purchasable","24":"product-type-simple","25":"entry","26":"content-bg","27":"loop-entry"},"_links":{"self":[{"href":"https:\/\/azalia.lt\/lt\/wp-json\/wp\/v2\/product\/3899","targetHints":{"allow":["GET"]}}],"collection":[{"href":"https:\/\/azalia.lt\/lt\/wp-json\/wp\/v2\/product"}],"about":[{"href":"https:\/\/azalia.lt\/lt\/wp-json\/wp\/v2\/types\/product"}],"replies":[{"embeddable":true,"href":"https:\/\/azalia.lt\/lt\/wp-json\/wp\/v2\/comments?post=3899"}],"wp:featuredmedia":[{"embeddable":true,"href":"https:\/\/azalia.lt\/lt\/wp-json\/wp\/v2\/media\/3901"}],"wp:attachment":[{"href":"https:\/\/azalia.lt\/lt\/wp-json\/wp\/v2\/media?parent=3899"}],"wp:term":[{"taxonomy":"product_brand","embeddable":true,"href":"https:\/\/azalia.lt\/lt\/wp-json\/wp\/v2\/product_brand?post=3899"},{"taxonomy":"product_cat","embeddable":true,"href":"https:\/\/azalia.lt\/lt\/wp-json\/wp\/v2\/product_cat?post=3899"},{"taxonomy":"product_tag","embeddable":true,"href":"https:\/\/azalia.lt\/lt\/wp-json\/wp\/v2\/product_tag?post=3899"},{"taxonomy":"product_brands","embeddable":true,"href":"https:\/\/azalia.lt\/lt\/wp-json\/wp\/v2\/product_brands?post=3899"}],"curies":[{"name":"wp","href":"https:\/\/api.w.org\/{rel}","templated":true}]}}