{"id":3913,"date":"2026-04-22T19:37:27","date_gmt":"2026-04-22T19:37:27","guid":{"rendered":"https:\/\/azalia.lt\/?post_type=product&#038;p=3913"},"modified":"2026-04-22T19:43:14","modified_gmt":"2026-04-22T19:43:14","slug":"attar-sandalia-ambari-cpo-unisex-6ml","status":"publish","type":"product","link":"https:\/\/azalia.lt\/lt\/produktas\/attar-sandalia-ambari-cpo-unisex-6ml\/","title":{"rendered":"Attar Sandalia Ambari CPO Unisex 6ml"},"content":{"rendered":"<p>We are glad to offer Yemeni Perfumed Oils (Attars)\u00a0 from the Yemeni company, which specialises in the art of developing fragrances and incense from 1907.<br \/>\nExotic Yemeni Oils \u2013 a luxurious fragrance awakening your best feelings.<br \/>\nThey are made from the finest quality, sustainably-sourced natural ingredients.<br \/>\nThey are unique and unforgettable.<br \/>\nDiscover an unbelievably delicious, handmade aroma born from the most precious Yemeni resins and Indian oils.<br \/>\nThis is a century-old family secret (since 1907) that brings a regal trail to your body and harmony to your home.<br \/>\nA scent that touches the soul and delivers unreal emotions every single day<\/p>\n<p><strong>Attar <strong class=\"Yjhzub\" data-sfc-root=\"c\" data-sfc-cb=\"\" data-complete=\"true\" data-processed=\"true\" aria-owns=\"action-menu-parent-container\">Sandalia Ambari\u00a0<\/strong><\/strong> is a majestic blend that unites the creamy elegance of sandalwood with the comforting warmth of vanilla and sweet balsamic benzoin. This attar exudes a rich, glowing aura that is both soothing and luxurious<br \/>\n<strong>Aromato Natos:<\/strong><br \/>\n\ud83c\udf43 Sandalwood, vanilla, sweet balsamic benzoin.<\/p>\n<p><strong>Why choose this fragrance?<\/strong><br \/>\n\ud83d\udfe2 VEG | Halal | Cruelty-Free.<br \/>\n\u23f3 Long-lasting: The high oil concentration guarantees a rich scent throughout the day (12+ hours).<br \/>\n\ud83d\udeabBe alkoholio: Draugi\u0161kas odai, nei\u0161garuoja taip greitai kaip \u012fprasti kvepalai.<br \/>\n\ud83c\udf3f 100% Vegan: Natural ingredients.<br \/>\n\ud83d\udc5c Patogus Roll-on: Kompakti\u0161kas buteliukas, kur\u012f lengva naudoti bet kur ir bet kada.<br \/>\n\ud83d\udc8e Unique Product \u2013 a handmade masterpiece where century-old traditions meet the rarest ingredients, creating a one-of-a-kind experience.<br \/>\n\u2728 Centuries-old tradition &#8211; Authentic attar, made according to family recipes since 1907.<br \/>\n\ud83d\udc6b Unisex \u2013 a fragrance designed for both men and women, perfectly adapting to the unique chemistry of every individual.<br \/>\n\ud83d\udeab\ud83d\udc3e Cruelty Free. Not tested on animals<br \/>\n\ud83c\udf81 DOVANA Jums!<br \/>\nWith every order, we include a free 1 ml sample of another fragrance. It\u2019s a wonderful opportunity to discover your next favourite scent absolutely free of charge!<br \/>\n<em>Personally tested: this fragrance makes you smile every time you smell it. It\u2019s a real gift for your senses!<\/em><\/p>","protected":false},"excerpt":{"rendered":"<p>\ud83d\udfe2 VEG | Halal | Cruelty-Free.<br \/>\nExotic Yemeni Luxurious Fragrance Awakening Your Best Feelings<\/p>","protected":false},"featured_media":3915,"comment_status":"open","ping_status":"closed","template":"","meta":{"_bst_post_transparent":"default","_bst_post_title":"","_bst_post_layout":"default","_bst_post_sidebar_id":"","_bst_post_content_style":"default","_bst_post_vertical_padding":"default","_bst_post_feature":"","_bst_post_feature_position":"","_bst_post_header":false,"_bst_post_footer":false},"product_brand":[197],"product_cat":[137,136,209,208,207,87,205,83,200],"product_tag":[],"product_brands":[196],"class_list":{"0":"post-3913","1":"product","2":"type-product","3":"status-publish","4":"has-post-thumbnail","6":"product_brand-dukhni-perfume","7":"product_cat-cpo-6ml-men","8":"product_cat-cpo-6ml-women","9":"product_cat-isskirtiniai-jemeno-aliejiniai-kvepalai-be-spirito","10":"product_cat-egzotiska-jemeno-aromatu-kolekcija","11":"product_cat-gourmand-delights","12":"product_cat-vyriski-aliejiniai-kvepalai","13":"product_cat-sacred-smoke","14":"product_cat-moteriski-aliejiniai-kvepalai","15":"product_cat-wood-oud-notes","16":"product_brands-dukhni-perfume","18":"first","19":"instock","20":"featured","21":"taxable","22":"shipping-taxable","23":"purchasable","24":"product-type-simple","25":"entry","26":"content-bg","27":"loop-entry"},"_links":{"self":[{"href":"https:\/\/azalia.lt\/lt\/wp-json\/wp\/v2\/product\/3913","targetHints":{"allow":["GET"]}}],"collection":[{"href":"https:\/\/azalia.lt\/lt\/wp-json\/wp\/v2\/product"}],"about":[{"href":"https:\/\/azalia.lt\/lt\/wp-json\/wp\/v2\/types\/product"}],"replies":[{"embeddable":true,"href":"https:\/\/azalia.lt\/lt\/wp-json\/wp\/v2\/comments?post=3913"}],"wp:featuredmedia":[{"embeddable":true,"href":"https:\/\/azalia.lt\/lt\/wp-json\/wp\/v2\/media\/3915"}],"wp:attachment":[{"href":"https:\/\/azalia.lt\/lt\/wp-json\/wp\/v2\/media?parent=3913"}],"wp:term":[{"taxonomy":"product_brand","embeddable":true,"href":"https:\/\/azalia.lt\/lt\/wp-json\/wp\/v2\/product_brand?post=3913"},{"taxonomy":"product_cat","embeddable":true,"href":"https:\/\/azalia.lt\/lt\/wp-json\/wp\/v2\/product_cat?post=3913"},{"taxonomy":"product_tag","embeddable":true,"href":"https:\/\/azalia.lt\/lt\/wp-json\/wp\/v2\/product_tag?post=3913"},{"taxonomy":"product_brands","embeddable":true,"href":"https:\/\/azalia.lt\/lt\/wp-json\/wp\/v2\/product_brands?post=3913"}],"curies":[{"name":"wp","href":"https:\/\/api.w.org\/{rel}","templated":true}]}}